{"id":23025,"date":"2022-04-20T11:46:08","date_gmt":"2022-04-20T09:46:08","guid":{"rendered":"https:\/\/systemyogrodzeniowe24.eu\/?post_type=product&#038;p=23025"},"modified":"2022-04-20T13:09:30","modified_gmt":"2022-04-20T11:09:30","slug":"slupek-panelowy-2200-mm-scianka-150-mm-kolor-grafit-ral-7016","status":"publish","type":"product","link":"https:\/\/systemyogrodzeniowe24.eu\/de\/produkt\/slupek-panelowy-2200-mm-scianka-150-mm-kolor-grafit-ral-7016\/","title":{"rendered":"S\u0142upek panelowy 2200 mm \u015bcianka 1,50 mm kolor grafit RAL 7016"},"content":{"rendered":"<p>S\u0142upek panelowy przeznaczony do zabetonowania w ziemi, wyposa\u017cony w zamykaj\u0105cy go od g\u00f3ry kapturek. Zalecany do monta\u017cu paneli z drutu o grubo\u015bci 5 mm o wysoko\u015bci 1500, 1560, 1600 mm<\/p>\n<p>S\u0142upek jest ocynkowany ogniowo i malowany proszkowo<\/p>\n","protected":false},"excerpt":{"rendered":"<p>Dane techniczne:<\/p>\n<p>wysoko\u015b\u0107: 2200 mm<br \/>\nszeroko\u015b\u0107: 60 mm<br \/>\ng\u0142\u0119boko\u015b\u0107: 40 mm<br \/>\ngrubo\u015b\u0107 \u015bcianki: 1,50 mm<\/p>\n<p>kolor grafit RAL 7016<br \/>\nzabezpieczenia antykorozyjne: ocynk ogniowy<\/p>\n","protected":false},"featured_media":23011,"template":"","meta":[],"product_cat":[78,76],"product_tag":[],"class_list":["post-23025","product","type-product","status-publish","has-post-thumbnail","hentry","product_cat-panel-pfosten-de","product_cat-paneelzaeune-de"],"_links":{"self":[{"href":"https:\/\/systemyogrodzeniowe24.eu\/de\/wp-json\/wp\/v2\/product\/23025","targetHints":{"allow":["GET"]}}],"collection":[{"href":"https:\/\/systemyogrodzeniowe24.eu\/de\/wp-json\/wp\/v2\/product"}],"about":[{"href":"https:\/\/systemyogrodzeniowe24.eu\/de\/wp-json\/wp\/v2\/types\/product"}],"wp:featuredmedia":[{"embeddable":true,"href":"https:\/\/systemyogrodzeniowe24.eu\/de\/wp-json\/wp\/v2\/media\/23011"}],"wp:attachment":[{"href":"https:\/\/systemyogrodzeniowe24.eu\/de\/wp-json\/wp\/v2\/media?parent=23025"}],"wp:term":[{"taxonomy":"product_cat","embeddable":true,"href":"https:\/\/systemyogrodzeniowe24.eu\/de\/wp-json\/wp\/v2\/product_cat?post=23025"},{"taxonomy":"product_tag","embeddable":true,"href":"https:\/\/systemyogrodzeniowe24.eu\/de\/wp-json\/wp\/v2\/product_tag?post=23025"}],"curies":[{"name":"wp","href":"https:\/\/api.w.org\/{rel}","templated":true}]}}