{"id":22980,"date":"2022-04-14T13:52:33","date_gmt":"2022-04-14T11:52:33","guid":{"rendered":"https:\/\/systemyogrodzeniowe24.eu\/?post_type=product&#038;p=22980"},"modified":"2022-04-14T14:00:50","modified_gmt":"2022-04-14T12:00:50","slug":"przeslo-onyks","status":"publish","type":"product","link":"https:\/\/systemyogrodzeniowe24.eu\/de\/produkt\/przeslo-onyks\/","title":{"rendered":"Prz\u0119s\u0142o ONYKS"},"content":{"rendered":"<p>Nowoczesne Ogrodzenia Frontowe to tradycyjne rozwi\u0105zanie w nowoczesnym wydaniu. Bogate wzornictwo i kolorystyka, wysoka jako\u015b\u0107 oraz skuteczne zabezpieczenie przed korozj\u0105 to cechy, kt\u00f3re pozwalaj\u0105 wykorzystywa\u0107 Nowoczesne Ogrodzenia Frontowe zar\u00f3wno na prywatnych posesjach, jak i przy firmach czy zak\u0142adach przemys\u0142owych.<\/p>\n<p>Ogrodzenie ONYKS tworz\u0105 zag\u0119szczone profile w parach. Ponadczasowy wygl\u0105d sprawia, \u017ce mo\u017ce by\u0107 z powodzeniem stosowany wok\u00f3\u0142 budynk\u00f3w r\u00f3\u017cnego typu &#8211; prywatnych ,publicznych, przemys\u0142owych.<\/p>\n","protected":false},"excerpt":{"rendered":"<p>Dane techniczne:<\/p>\n<p><strong>Wysoko\u015b\u0107 i szeroko\u015b\u0107 przygotowywana pod wymiar dla klienta<\/strong><br \/>\nwysoko\u015b\u0107(zakres): 600 &#8211; 2000 mm<br \/>\nszeroko\u015b\u0107(zakres): 200 &#8211; 3000 mm<br \/>\nwype\u0142nienie: profile 25&#215;25\/15&#215;15 mm<br \/>\nwersja: prosta, wypuk\u0142a<\/p>\n","protected":false},"featured_media":22982,"template":"","meta":[],"product_cat":[84,97],"product_tag":[],"class_list":["post-22980","product","type-product","status-publish","has-post-thumbnail","hentry","product_cat-frontzaeune","product_cat-zaunelemente"],"_links":{"self":[{"href":"https:\/\/systemyogrodzeniowe24.eu\/de\/wp-json\/wp\/v2\/product\/22980","targetHints":{"allow":["GET"]}}],"collection":[{"href":"https:\/\/systemyogrodzeniowe24.eu\/de\/wp-json\/wp\/v2\/product"}],"about":[{"href":"https:\/\/systemyogrodzeniowe24.eu\/de\/wp-json\/wp\/v2\/types\/product"}],"wp:featuredmedia":[{"embeddable":true,"href":"https:\/\/systemyogrodzeniowe24.eu\/de\/wp-json\/wp\/v2\/media\/22982"}],"wp:attachment":[{"href":"https:\/\/systemyogrodzeniowe24.eu\/de\/wp-json\/wp\/v2\/media?parent=22980"}],"wp:term":[{"taxonomy":"product_cat","embeddable":true,"href":"https:\/\/systemyogrodzeniowe24.eu\/de\/wp-json\/wp\/v2\/product_cat?post=22980"},{"taxonomy":"product_tag","embeddable":true,"href":"https:\/\/systemyogrodzeniowe24.eu\/de\/wp-json\/wp\/v2\/product_tag?post=22980"}],"curies":[{"name":"wp","href":"https:\/\/api.w.org\/{rel}","templated":true}]}}