{"id":22974,"date":"2022-04-14T13:45:35","date_gmt":"2022-04-14T11:45:35","guid":{"rendered":"https:\/\/systemyogrodzeniowe24.eu\/?post_type=product&#038;p=22974"},"modified":"2022-04-14T13:51:55","modified_gmt":"2022-04-14T11:51:55","slug":"przeslo-opal","status":"publish","type":"product","link":"https:\/\/systemyogrodzeniowe24.eu\/de\/produkt\/przeslo-opal\/","title":{"rendered":"Prz\u0119s\u0142o OPAL"},"content":{"rendered":"<p>Nowoczesne Ogrodzenia Frontowe to tradycyjne rozwi\u0105zanie w nowoczesnym wydaniu. Bogate wzornictwo i kolorystyka, wysoka jako\u015b\u0107 oraz skuteczne zabezpieczenie przed korozj\u0105 to cechy, kt\u00f3re pozwalaj\u0105 wykorzystywa\u0107 Nowoczesne Ogrodzenia Frontowe zar\u00f3wno na prywatnych posesjach, jak i przy firmach czy zak\u0142adach przemys\u0142owych.<\/p>\n<p>Ogrodzenie OPAL \u0142\u0105czy w sobie profile pionowe i poziome, a w g\u00f3rnej cz\u0119\u015bci posiada ozdobny wz\u00f3r. Idealne rozwi\u0105zanie dla dom\u00f3w jednorodzinnych, osiedli oraz teren\u00f3w rekreacyjnych zar\u00f3wno o formie klasycznej, jak i nowoczesnej.<\/p>\n","protected":false},"excerpt":{"rendered":"<p>Dane techniczne:<\/p>\n<p><strong>Wysoko\u015b\u0107 i szeroko\u015b\u0107 przygotowywana pod wymiar dla klienta<\/strong><br \/>\nwysoko\u015b\u0107(zakres): 400 &#8211; 2000 mm<br \/>\nszeroko\u015b\u0107(zakres): 200 &#8211; 3000 mm<br \/>\nwype\u0142nienie: profile 25&#215;25\/15&#215;15 mm<\/p>\n","protected":false},"featured_media":22976,"template":"","meta":[],"product_cat":[84,97],"product_tag":[],"class_list":["post-22974","product","type-product","status-publish","has-post-thumbnail","hentry","product_cat-frontzaeune","product_cat-zaunelemente"],"_links":{"self":[{"href":"https:\/\/systemyogrodzeniowe24.eu\/de\/wp-json\/wp\/v2\/product\/22974","targetHints":{"allow":["GET"]}}],"collection":[{"href":"https:\/\/systemyogrodzeniowe24.eu\/de\/wp-json\/wp\/v2\/product"}],"about":[{"href":"https:\/\/systemyogrodzeniowe24.eu\/de\/wp-json\/wp\/v2\/types\/product"}],"wp:featuredmedia":[{"embeddable":true,"href":"https:\/\/systemyogrodzeniowe24.eu\/de\/wp-json\/wp\/v2\/media\/22976"}],"wp:attachment":[{"href":"https:\/\/systemyogrodzeniowe24.eu\/de\/wp-json\/wp\/v2\/media?parent=22974"}],"wp:term":[{"taxonomy":"product_cat","embeddable":true,"href":"https:\/\/systemyogrodzeniowe24.eu\/de\/wp-json\/wp\/v2\/product_cat?post=22974"},{"taxonomy":"product_tag","embeddable":true,"href":"https:\/\/systemyogrodzeniowe24.eu\/de\/wp-json\/wp\/v2\/product_tag?post=22974"}],"curies":[{"name":"wp","href":"https:\/\/api.w.org\/{rel}","templated":true}]}}