{"id":22956,"date":"2022-04-13T14:08:55","date_gmt":"2022-04-13T12:08:55","guid":{"rendered":"https:\/\/systemyogrodzeniowe24.eu\/?post_type=product&#038;p=22956"},"modified":"2022-04-13T14:15:30","modified_gmt":"2022-04-13T12:15:30","slug":"przeslo-ametyst","status":"publish","type":"product","link":"https:\/\/systemyogrodzeniowe24.eu\/de\/produkt\/przeslo-ametyst\/","title":{"rendered":"Prz\u0119s\u0142o AMETYST"},"content":{"rendered":"<p>Nowoczesne Ogrodzenia Frontowe to tradycyjne rozwi\u0105zanie w nowoczesnym wydaniu. Bogate wzornictwo i kolorystyka, wysoka jako\u015b\u0107 oraz skuteczne zabezpieczenie przed korozj\u0105 to cechy, kt\u00f3re pozwalaj\u0105 wykorzystywa\u0107 Nowoczesne Ogrodzenia Frontowe zar\u00f3wno na prywatnych posesjach, jak i przy firmach czy zak\u0142adach przemys\u0142owych.<\/p>\n<p>Ogrodzenie AMETYST cenione przez Klient\u00f3w zar\u00f3wno ze wzgl\u0119du na swoj\u0105 prost\u0105 form\u0119 jaki i funkcj\u0119. Z racji zag\u0119szczenia kszta\u0142townik\u00f3w w dolnej cz\u0119\u015bci prz\u0119s\u0142a stanowi idealny wz\u00f3r dla os\u00f3b posiadaj\u0105cych mniejsze czworonogi.<\/p>\n","protected":false},"excerpt":{"rendered":"<p>Dane techniczne:<\/p>\n<p><strong>Wysoko\u015b\u0107 i szeroko\u015b\u0107 przygotowywana pod wymiar dla klienta<\/strong><br \/>\nwysoko\u015b\u0107(zakres): 400 &#8211; 2000 mm<br \/>\nszeroko\u015b\u0107(zakres): 200 &#8211; 3000 mm<br \/>\nwype\u0142nienie: profile 25&#215;25\/15&#215;15 mm<br \/>\nwersja: prosta, wypuk\u0142a<\/p>\n","protected":false},"featured_media":22958,"template":"","meta":[],"product_cat":[84,97],"product_tag":[],"class_list":["post-22956","product","type-product","status-publish","has-post-thumbnail","hentry","product_cat-frontzaeune","product_cat-zaunelemente"],"_links":{"self":[{"href":"https:\/\/systemyogrodzeniowe24.eu\/de\/wp-json\/wp\/v2\/product\/22956","targetHints":{"allow":["GET"]}}],"collection":[{"href":"https:\/\/systemyogrodzeniowe24.eu\/de\/wp-json\/wp\/v2\/product"}],"about":[{"href":"https:\/\/systemyogrodzeniowe24.eu\/de\/wp-json\/wp\/v2\/types\/product"}],"wp:featuredmedia":[{"embeddable":true,"href":"https:\/\/systemyogrodzeniowe24.eu\/de\/wp-json\/wp\/v2\/media\/22958"}],"wp:attachment":[{"href":"https:\/\/systemyogrodzeniowe24.eu\/de\/wp-json\/wp\/v2\/media?parent=22956"}],"wp:term":[{"taxonomy":"product_cat","embeddable":true,"href":"https:\/\/systemyogrodzeniowe24.eu\/de\/wp-json\/wp\/v2\/product_cat?post=22956"},{"taxonomy":"product_tag","embeddable":true,"href":"https:\/\/systemyogrodzeniowe24.eu\/de\/wp-json\/wp\/v2\/product_tag?post=22956"}],"curies":[{"name":"wp","href":"https:\/\/api.w.org\/{rel}","templated":true}]}}