{"id":22934,"date":"2022-04-13T11:18:18","date_gmt":"2022-04-13T09:18:18","guid":{"rendered":"https:\/\/systemyogrodzeniowe24.eu\/?post_type=product&#038;p=22934"},"modified":"2022-04-13T11:33:31","modified_gmt":"2022-04-13T09:33:31","slug":"brama-przesuwna-jaspis","status":"publish","type":"product","link":"https:\/\/systemyogrodzeniowe24.eu\/de\/produkt\/brama-przesuwna-jaspis\/","title":{"rendered":"Brama przesuwna JASPIS"},"content":{"rendered":"<p>Nowoczesne Ogrodzenia Frontowe to tradycyjne rozwi\u0105zanie w nowoczesnym wydaniu. Bogate wzornictwo i kolorystyka, wysoka jako\u015b\u0107 oraz skuteczne zabezpieczenie przed korozj\u0105 to cechy, kt\u00f3re pozwalaj\u0105 wykorzystywa\u0107 Nowoczesne Ogrodzenia Frontowe zar\u00f3wno na prywatnych posesjach, jak i przy firmach czy zak\u0142adach przemys\u0142owych.<\/p>\n<p>JASPIS to klasyczny wz\u00f3r ogrodzenia z ozdobionym elementem nawi\u0105zuj\u0105cym kszta\u0142tem do rozety oraz specjalnie dedykowany s\u0142up. Nadaje posesji dystyngowany, rezydencyjny charakter i dodaje strefie przydomowej elegancji.<\/p>\n","protected":false},"excerpt":{"rendered":"<p>Dane techniczne:<\/p>\n<p><strong>Wysoko\u015b\u0107 i szeroko\u015b\u0107 przygotowywana pod wymiar dla klienta<\/strong><br \/>\nwysoko\u015b\u0107(zakres): 600 &#8211; 2000 mm<br \/>\nszeroko\u015b\u0107(zakres): 2000 &#8211; 6000 mm<br \/>\nrama: profile 50&#215;50 mm<br \/>\nwype\u0142nienie: profile 20&#215;20 mm<br \/>\nDost\u0119pne opcje:<br \/>\n-brama r\u0119czna<br \/>\n-brama pod nap\u0119d,<br \/>\n-brama z nap\u0119dem<\/p>\n","protected":false},"featured_media":22936,"template":"","meta":[],"product_cat":[84,81,89,101],"product_tag":[],"class_list":["post-22934","product","type-product","status-publish","has-post-thumbnail","hentry","product_cat-frontzaeune","product_cat-pforte-und-tore-de","product_cat-schiebetore","product_cat-schiebetore-de"],"_links":{"self":[{"href":"https:\/\/systemyogrodzeniowe24.eu\/de\/wp-json\/wp\/v2\/product\/22934","targetHints":{"allow":["GET"]}}],"collection":[{"href":"https:\/\/systemyogrodzeniowe24.eu\/de\/wp-json\/wp\/v2\/product"}],"about":[{"href":"https:\/\/systemyogrodzeniowe24.eu\/de\/wp-json\/wp\/v2\/types\/product"}],"wp:featuredmedia":[{"embeddable":true,"href":"https:\/\/systemyogrodzeniowe24.eu\/de\/wp-json\/wp\/v2\/media\/22936"}],"wp:attachment":[{"href":"https:\/\/systemyogrodzeniowe24.eu\/de\/wp-json\/wp\/v2\/media?parent=22934"}],"wp:term":[{"taxonomy":"product_cat","embeddable":true,"href":"https:\/\/systemyogrodzeniowe24.eu\/de\/wp-json\/wp\/v2\/product_cat?post=22934"},{"taxonomy":"product_tag","embeddable":true,"href":"https:\/\/systemyogrodzeniowe24.eu\/de\/wp-json\/wp\/v2\/product_tag?post=22934"}],"curies":[{"name":"wp","href":"https:\/\/api.w.org\/{rel}","templated":true}]}}