{"id":22836,"date":"2022-04-12T09:53:31","date_gmt":"2022-04-12T07:53:31","guid":{"rendered":"https:\/\/systemyogrodzeniowe24.eu\/?post_type=product&#038;p=22836"},"modified":"2022-04-12T10:03:53","modified_gmt":"2022-04-12T08:03:53","slug":"brama-dwuskrzydlowa-szmaragd","status":"publish","type":"product","link":"https:\/\/systemyogrodzeniowe24.eu\/de\/produkt\/brama-dwuskrzydlowa-szmaragd\/","title":{"rendered":"Brama dwuskrzyd\u0142owa SZMARAGD"},"content":{"rendered":"<p>Nowoczesne Ogrodzenia Frontowe to tradycyjne rozwi\u0105zanie w nowoczesnym wydaniu. Bogate wzornictwo i kolorystyka, wysoka jako\u015b\u0107 oraz skuteczne zabezpieczenie przed korozj\u0105 to cechy, kt\u00f3re pozwalaj\u0105 wykorzystywa\u0107 Nowoczesne Ogrodzenia Frontowe zar\u00f3wno na prywatnych posesjach, jak i przy firmach czy zak\u0142adach przemys\u0142owych.<\/p>\n<p>Ogrodzenie SZMARAGD to model podkre\u015blony ozdobnym elementem. Stanowi doskona\u0142e uzupe\u0142nienie dla klasycznych form architektonicznych.<\/p>\n","protected":false},"excerpt":{"rendered":"<p>Dane techniczne:<\/p>\n<p>Wysoko\u015b\u0107 i szeroko\u015b\u0107 przygotowywana pod wymiar dla klienta<br \/>\nwysoko\u015b\u0107(zakres): 700-2000mm<br \/>\nszeroko\u015b\u0107(zakres): 2000-5500mm<br \/>\nrama: profile 40&#215;40 \/ 50&#215;50 mm<br \/>\nwype\u0142nienie: profile 15&#215;15 mm<br \/>\nwersja: prosta, wypuk\u0142a<br \/>\nDost\u0119pne warianty:<br \/>\n-brama r\u0119czna,<br \/>\n-brama przygotowana pod nap\u0119d,<br \/>\n-brama z nap\u0119dem<\/p>\n","protected":false},"featured_media":22838,"template":"","meta":[],"product_cat":[84,81,100,88],"product_tag":[],"class_list":["post-22836","product","type-product","status-publish","has-post-thumbnail","hentry","product_cat-frontzaeune","product_cat-pforte-und-tore-de","product_cat-zweifluegelige-tore-de","product_cat-zweifluegelige-tore"],"_links":{"self":[{"href":"https:\/\/systemyogrodzeniowe24.eu\/de\/wp-json\/wp\/v2\/product\/22836","targetHints":{"allow":["GET"]}}],"collection":[{"href":"https:\/\/systemyogrodzeniowe24.eu\/de\/wp-json\/wp\/v2\/product"}],"about":[{"href":"https:\/\/systemyogrodzeniowe24.eu\/de\/wp-json\/wp\/v2\/types\/product"}],"wp:featuredmedia":[{"embeddable":true,"href":"https:\/\/systemyogrodzeniowe24.eu\/de\/wp-json\/wp\/v2\/media\/22838"}],"wp:attachment":[{"href":"https:\/\/systemyogrodzeniowe24.eu\/de\/wp-json\/wp\/v2\/media?parent=22836"}],"wp:term":[{"taxonomy":"product_cat","embeddable":true,"href":"https:\/\/systemyogrodzeniowe24.eu\/de\/wp-json\/wp\/v2\/product_cat?post=22836"},{"taxonomy":"product_tag","embeddable":true,"href":"https:\/\/systemyogrodzeniowe24.eu\/de\/wp-json\/wp\/v2\/product_tag?post=22836"}],"curies":[{"name":"wp","href":"https:\/\/api.w.org\/{rel}","templated":true}]}}