{"id":22807,"date":"2022-04-11T15:33:05","date_gmt":"2022-04-11T13:33:05","guid":{"rendered":"https:\/\/systemyogrodzeniowe24.eu\/?post_type=product&#038;p=22807"},"modified":"2022-04-12T10:21:58","modified_gmt":"2022-04-12T08:21:58","slug":"furtka-szafir","status":"publish","type":"product","link":"https:\/\/systemyogrodzeniowe24.eu\/de\/produkt\/furtka-szafir\/","title":{"rendered":"Furtka SZAFIR"},"content":{"rendered":"<p>Nowoczesne Ogrodzenia Frontowe to tradycyjne rozwi\u0105zanie w nowoczesnym wydaniu. Bogate wzornictwo i kolorystyka, wysoka jako\u015b\u0107 oraz skuteczne zabezpieczenie przed korozj\u0105 to cechy, kt\u00f3re pozwalaj\u0105 wykorzystywa\u0107 Nowoczesne Ogrodzenia Frontowe zar\u00f3wno na prywatnych posesjach, jak i przy firmach czy zak\u0142adach przemys\u0142owych.<\/p>\n<p>Ogrodzenie SZAFIR to klasyczny wz\u00f3r z prz\u0119s\u0142em ozdobionym dwoma geometrycznymi kszta\u0142tami. Doskonale wsp\u00f3\u0142tworzy przestrze\u0144 przydomow\u0105 zar\u00f3wno budynk\u00f3w o tradycyjnej formie, jaki i nowoczesnych posesji.<\/p>\n","protected":false},"excerpt":{"rendered":"<p>Dane techniczne:<\/p>\n<p>Wysoko\u015b\u0107 i szeroko\u015b\u0107 przygotowywana pod wymiar dla klienta<\/p>\n<p>wysoko\u015b\u0107(zakres): 600-2000mm<br \/>\nszeroko\u015b\u0107(zakres): 700-2000mm<br \/>\nrama: profile 50&#215;30 mm<br \/>\nwype\u0142nienie: profile 20&#215;20 mm<br \/>\nstandardowa szeroko\u015b\u0107: 1170 mm<br \/>\nWersja: prosta, wypuk\u0142a<\/p>\n","protected":false},"featured_media":22811,"template":"","meta":[],"product_cat":[84,81,90,99],"product_tag":[],"class_list":["post-22807","product","type-product","status-publish","has-post-thumbnail","hentry","product_cat-frontzaeune","product_cat-pforte-und-tore-de","product_cat-pforten","product_cat-pforten-de"],"_links":{"self":[{"href":"https:\/\/systemyogrodzeniowe24.eu\/de\/wp-json\/wp\/v2\/product\/22807","targetHints":{"allow":["GET"]}}],"collection":[{"href":"https:\/\/systemyogrodzeniowe24.eu\/de\/wp-json\/wp\/v2\/product"}],"about":[{"href":"https:\/\/systemyogrodzeniowe24.eu\/de\/wp-json\/wp\/v2\/types\/product"}],"wp:featuredmedia":[{"embeddable":true,"href":"https:\/\/systemyogrodzeniowe24.eu\/de\/wp-json\/wp\/v2\/media\/22811"}],"wp:attachment":[{"href":"https:\/\/systemyogrodzeniowe24.eu\/de\/wp-json\/wp\/v2\/media?parent=22807"}],"wp:term":[{"taxonomy":"product_cat","embeddable":true,"href":"https:\/\/systemyogrodzeniowe24.eu\/de\/wp-json\/wp\/v2\/product_cat?post=22807"},{"taxonomy":"product_tag","embeddable":true,"href":"https:\/\/systemyogrodzeniowe24.eu\/de\/wp-json\/wp\/v2\/product_tag?post=22807"}],"curies":[{"name":"wp","href":"https:\/\/api.w.org\/{rel}","templated":true}]}}