{"id":22726,"date":"2022-04-08T14:08:02","date_gmt":"2022-04-08T12:08:02","guid":{"rendered":"https:\/\/systemyogrodzeniowe24.eu\/?post_type=product&#038;p=22726"},"modified":"2022-04-08T14:50:55","modified_gmt":"2022-04-08T12:50:55","slug":"furtka-beryl","status":"publish","type":"product","link":"https:\/\/systemyogrodzeniowe24.eu\/de\/produkt\/furtka-beryl\/","title":{"rendered":"Furtka BERYL"},"content":{"rendered":"<p>Nowoczesne Ogrodzenia Frontowe z pewno\u015bci\u0105 stan\u0105 si\u0119 wizyt\u00f3wk\u0105 ka\u017cdej posesji. Bogate wzornictwo, ciekawy i nowoczesny desing, wysoka jako\u015b\u0107 i doskona\u0142e zabezpieczenie przed korozj\u0105, to cechy, kt\u00f3re sprawiaj\u0105, \u017ce jest to rozwi\u0105zanie jedyne w swoim rodzaju. Ogrodzenia zosta\u0142y zaprojektowane z my\u015bl\u0105 o Klientach ceni\u0105cych sobie prywatno\u015b\u0107 i dyskrecj\u0119, ale te\u017c gustuj\u0105cych w prostych, minimalistycznych formach.<\/p>\n<p>BERYL, wz\u00f3r \u0142\u0105cz\u0105cy lekko\u015b\u0107 z solidn\u0105 konstrukcj\u0105. Nieprzezierne prz\u0119s\u0142a o minimalistycznym wygl\u0105dzie, stworzone z blachy o formie \u017caluzji gwarantuj\u0105 prywatno\u015b\u0107 posesji i dodaj\u0105 jej charakteru. Beryl sprawdzi si\u0119 zar\u00f3wno w tradycyjnym jaki i nowoczesnym budownictwie.<\/p>\n","protected":false},"excerpt":{"rendered":"<p>Dane techniczne:<\/p>\n<p>Wysoko\u015b\u0107 i szeroko\u015b\u0107 przygotowywana pod wymiar dla klienta<br \/>\nwysoko\u015b\u0107(zakres): 600 &#8211; 1900 mm<br \/>\nszeroko\u015b\u0107(zakres): 700 &#8211; 2000 mm<br \/>\nrama: profile 40 x 40 mm<br \/>\nwype\u0142nienie: \u017caluzja<br \/>\nprze\u015bwit mi\u0119dzy profilami: 0 mm<br \/>\nmocowanie : zawiasy M16 \/ M20<br \/>\nstandardowa szeroko\u015b\u0107: 1100 mm<\/p>\n","protected":false},"featured_media":22728,"template":"","meta":[],"product_cat":[84,81,90,99],"product_tag":[],"class_list":["post-22726","product","type-product","status-publish","has-post-thumbnail","hentry","product_cat-frontzaeune","product_cat-pforte-und-tore-de","product_cat-pforten","product_cat-pforten-de"],"_links":{"self":[{"href":"https:\/\/systemyogrodzeniowe24.eu\/de\/wp-json\/wp\/v2\/product\/22726","targetHints":{"allow":["GET"]}}],"collection":[{"href":"https:\/\/systemyogrodzeniowe24.eu\/de\/wp-json\/wp\/v2\/product"}],"about":[{"href":"https:\/\/systemyogrodzeniowe24.eu\/de\/wp-json\/wp\/v2\/types\/product"}],"wp:featuredmedia":[{"embeddable":true,"href":"https:\/\/systemyogrodzeniowe24.eu\/de\/wp-json\/wp\/v2\/media\/22728"}],"wp:attachment":[{"href":"https:\/\/systemyogrodzeniowe24.eu\/de\/wp-json\/wp\/v2\/media?parent=22726"}],"wp:term":[{"taxonomy":"product_cat","embeddable":true,"href":"https:\/\/systemyogrodzeniowe24.eu\/de\/wp-json\/wp\/v2\/product_cat?post=22726"},{"taxonomy":"product_tag","embeddable":true,"href":"https:\/\/systemyogrodzeniowe24.eu\/de\/wp-json\/wp\/v2\/product_tag?post=22726"}],"curies":[{"name":"wp","href":"https:\/\/api.w.org\/{rel}","templated":true}]}}