{"id":22688,"date":"2022-04-08T10:17:18","date_gmt":"2022-04-08T08:17:18","guid":{"rendered":"https:\/\/systemyogrodzeniowe24.eu\/?post_type=product&#038;p=22688"},"modified":"2022-04-14T14:55:33","modified_gmt":"2022-04-14T12:55:33","slug":"brama-przesuwna-modulowa-mof-1f-1g-2f-2g","status":"publish","type":"product","link":"https:\/\/systemyogrodzeniowe24.eu\/de\/produkt\/brama-przesuwna-modulowa-mof-1f-1g-2f-2g\/","title":{"rendered":"Brama przesuwna modu\u0142owa MOF 1F.1G.2F.2G"},"content":{"rendered":"<p>Nowoczesne Ogrodzenia Frontowe z pewno\u015bci\u0105 stan\u0105 si\u0119 wizyt\u00f3wk\u0105 ka\u017cdej posesji. Bogate wzornictwo, ciekawy i nowoczesny desing, wysoka jako\u015b\u0107 i doskona\u0142e zabezpieczenie przed korozj\u0105, to cechy, kt\u00f3re sprawiaj\u0105, \u017ce jest to rozwi\u0105zanie jedyne w swoim rodzaju. Ogrodzenia zosta\u0142y zaprojektowane z my\u015bl\u0105 o Klientach ceni\u0105cych sobie prywatno\u015b\u0107 i dyskrecj\u0119, ale te\u017c gustuj\u0105cych w prostych, minimalistycznych formach.<\/p>\n<p>Modu\u0142owe Ogrodzenia Frontowe o\u017cywiaj\u0105 standardow\u0105 ofert\u0119, daj\u0105c pole do tw\u00f3rczej ekspresji, a przy tym spe\u0142niaj\u0105 wa\u017cn\u0105 funkcje u\u017cytkow\u0105, zapewniaj\u0105c efekt nieprzezierno\u015bci w dolnej cz\u0119\u015bci ogrodzenia. S\u0105 rozwi\u0105zaniem oryginalnym i niepowtarzalnym, \u0142\u0105cz\u0105cym w sobie bezpiecze\u0144stwo i nowoczesn\u0105 stylistyk\u0119.<\/p>\n","protected":false},"excerpt":{"rendered":"<p>Dane techniczne:<\/p>\n<p>Wysoko\u015b\u0107 i szeroko\u015b\u0107 przygotowywana pod wymiar dla klienta<br \/>\nwysoko\u015b\u0107(zakres): 600 &#8211; 2000 mm<br \/>\nszeroko\u015b\u0107(zakres): 2000 &#8211; 6000 mm<br \/>\nrama: profile 60&#215;40 \/ 60&#215;60 mm<br \/>\nwype\u0142nienie: g\u00f3ra 25&#215;25 \/15&#215;15<br \/>\n d\u00f3\u0142 MALACHIT 60\/20 lub 80\/20<br \/>\nszyna jezdna: 80&#215;80 mm<br \/>\nDost\u0119pne opcje:<br \/>\n-brama r\u0119czna<br \/>\n-brama pod nap\u0119d,<br \/>\n-brama z nap\u0119dem<\/p>\n","protected":false},"featured_media":22690,"template":"","meta":[],"product_cat":[84,86,92,81,89,101],"product_tag":[],"class_list":["post-22688","product","type-product","status-publish","has-post-thumbnail","hentry","product_cat-frontzaeune","product_cat-modulare-zaeune","product_cat-module","product_cat-pforte-und-tore-de","product_cat-schiebetore","product_cat-schiebetore-de"],"_links":{"self":[{"href":"https:\/\/systemyogrodzeniowe24.eu\/de\/wp-json\/wp\/v2\/product\/22688","targetHints":{"allow":["GET"]}}],"collection":[{"href":"https:\/\/systemyogrodzeniowe24.eu\/de\/wp-json\/wp\/v2\/product"}],"about":[{"href":"https:\/\/systemyogrodzeniowe24.eu\/de\/wp-json\/wp\/v2\/types\/product"}],"wp:featuredmedia":[{"embeddable":true,"href":"https:\/\/systemyogrodzeniowe24.eu\/de\/wp-json\/wp\/v2\/media\/22690"}],"wp:attachment":[{"href":"https:\/\/systemyogrodzeniowe24.eu\/de\/wp-json\/wp\/v2\/media?parent=22688"}],"wp:term":[{"taxonomy":"product_cat","embeddable":true,"href":"https:\/\/systemyogrodzeniowe24.eu\/de\/wp-json\/wp\/v2\/product_cat?post=22688"},{"taxonomy":"product_tag","embeddable":true,"href":"https:\/\/systemyogrodzeniowe24.eu\/de\/wp-json\/wp\/v2\/product_tag?post=22688"}],"curies":[{"name":"wp","href":"https:\/\/api.w.org\/{rel}","templated":true}]}}