{"id":22608,"date":"2022-04-07T11:04:16","date_gmt":"2022-04-07T09:04:16","guid":{"rendered":"https:\/\/systemyogrodzeniowe24.eu\/?post_type=product&#038;p=22608"},"modified":"2022-04-07T11:10:11","modified_gmt":"2022-04-07T09:10:11","slug":"przeslo-turkus","status":"publish","type":"product","link":"https:\/\/systemyogrodzeniowe24.eu\/de\/produkt\/przeslo-turkus\/","title":{"rendered":"Prz\u0119s\u0142o TURKUS"},"content":{"rendered":"<p>Nowoczesne Ogrodzenia Frontowe z pewno\u015bci\u0105 stan\u0105 si\u0119 wizyt\u00f3wk\u0105 ka\u017cdej posesji. Bogate wzornictwo, ciekawy i nowoczesny desing, wysoka jako\u015b\u0107 i doskona\u0142e zabezpieczenie przed korozj\u0105, to cechy, kt\u00f3re sprawiaj\u0105, \u017ce jest to rozwi\u0105zanie jedyne w swoim rodzaju. Ogrodzenia zosta\u0142y zaprojektowane z my\u015bl\u0105 o Klientach ceni\u0105cych sobie prywatno\u015b\u0107 i dyskrecj\u0119, ale te\u017c gustuj\u0105cych w prostych, minimalistycznych formach.<\/p>\n<p>TURKUS cechuje si\u0119 lekk\u0105, estetyczna form\u0105 gwarantuj\u0105c\u0105 du\u017c\u0105 przezierno\u015b\u0107. Dedykowany wszystkim, kt\u00f3rzy chc\u0105 podkre\u015bli\u0107 walory swojej posesji. <\/p>\n","protected":false},"excerpt":{"rendered":"<p>Dane techniczne:<\/p>\n<p>Wysoko\u015b\u0107 i szeroko\u015b\u0107 przygotowywana pod wymiar dla klienta<\/p>\n<p>wysoko\u015b\u0107(zakres): 400 &#8211; 2000 mm<\/p>\n<p>szeroko\u015b\u0107(zakres): 200 &#8211; 2500 mm<\/p>\n<p>wype\u0142nienie: profile 25&#215;25 mm<\/p>\n","protected":false},"featured_media":22603,"template":"","meta":[],"product_cat":[84,97],"product_tag":[],"class_list":["post-22608","product","type-product","status-publish","has-post-thumbnail","hentry","product_cat-frontzaeune","product_cat-zaunelemente"],"_links":{"self":[{"href":"https:\/\/systemyogrodzeniowe24.eu\/de\/wp-json\/wp\/v2\/product\/22608","targetHints":{"allow":["GET"]}}],"collection":[{"href":"https:\/\/systemyogrodzeniowe24.eu\/de\/wp-json\/wp\/v2\/product"}],"about":[{"href":"https:\/\/systemyogrodzeniowe24.eu\/de\/wp-json\/wp\/v2\/types\/product"}],"wp:featuredmedia":[{"embeddable":true,"href":"https:\/\/systemyogrodzeniowe24.eu\/de\/wp-json\/wp\/v2\/media\/22603"}],"wp:attachment":[{"href":"https:\/\/systemyogrodzeniowe24.eu\/de\/wp-json\/wp\/v2\/media?parent=22608"}],"wp:term":[{"taxonomy":"product_cat","embeddable":true,"href":"https:\/\/systemyogrodzeniowe24.eu\/de\/wp-json\/wp\/v2\/product_cat?post=22608"},{"taxonomy":"product_tag","embeddable":true,"href":"https:\/\/systemyogrodzeniowe24.eu\/de\/wp-json\/wp\/v2\/product_tag?post=22608"}],"curies":[{"name":"wp","href":"https:\/\/api.w.org\/{rel}","templated":true}]}}