{"id":22577,"date":"2022-04-07T08:46:19","date_gmt":"2022-04-07T06:46:19","guid":{"rendered":"https:\/\/systemyogrodzeniowe24.eu\/?post_type=product&#038;p=22577"},"modified":"2022-04-07T09:45:09","modified_gmt":"2022-04-07T07:45:09","slug":"przeslo-trawertyn-plus","status":"publish","type":"product","link":"https:\/\/systemyogrodzeniowe24.eu\/de\/produkt\/przeslo-trawertyn-plus\/","title":{"rendered":"Prz\u0119s\u0142o TRAWERTYN PLUS"},"content":{"rendered":"<p>Nowoczesne Ogrodzenia Frontowe z pewno\u015bci\u0105 stan\u0105 si\u0119 wizyt\u00f3wk\u0105 ka\u017cdej posesji. Bogate wzornictwo, ciekawy i nowoczesny desing, wysoka jako\u015b\u0107 i doskona\u0142e zabezpieczenie przed korozj\u0105, to cechy, kt\u00f3re sprawiaj\u0105, \u017ce jest to rozwi\u0105zanie jedyne w swoim rodzaju. Ogrodzenia zosta\u0142y zaprojektowane z my\u015bl\u0105 o Klientach ceni\u0105cych sobie prywatno\u015b\u0107 i dyskrecj\u0119, ale te\u017c gustuj\u0105cych w prostych, minimalistycznych formach.<\/p>\n<p>TRAWERTYN, model o nieszablonowy, oferuj\u0105cy kompromis mi\u0119dzy prywatno\u015bci\u0105, a otwarciem na otaczaj\u0105c\u0105 przestrze\u0144. Stworzony dla os\u00f3b ceni\u0105cych elegancj\u0119 w nowoczesnym wydaniu.<\/p>\n","protected":false},"excerpt":{"rendered":"<p>Dane techniczne:<\/p>\n<p>Wysoko\u015b\u0107 i szeroko\u015b\u0107 przygotowywana pod wymiar dla klienta<\/p>\n<p>wysoko\u015b\u0107(zakres): 310 &#8211; 1850 mm<\/p>\n<p>szeroko\u015b\u0107(zakres): 200 &#8211; 2500 mm<\/p>\n<p>rama: profil 40 x 20 mm + ceowniki + \u0142\u0105cznik<\/p>\n<p>wype\u0142nienie: poprzeczka 200 i 30 mm<\/p>\n","protected":false},"featured_media":22581,"template":"","meta":[],"product_cat":[84,97],"product_tag":[],"class_list":["post-22577","product","type-product","status-publish","has-post-thumbnail","hentry","product_cat-frontzaeune","product_cat-zaunelemente"],"_links":{"self":[{"href":"https:\/\/systemyogrodzeniowe24.eu\/de\/wp-json\/wp\/v2\/product\/22577","targetHints":{"allow":["GET"]}}],"collection":[{"href":"https:\/\/systemyogrodzeniowe24.eu\/de\/wp-json\/wp\/v2\/product"}],"about":[{"href":"https:\/\/systemyogrodzeniowe24.eu\/de\/wp-json\/wp\/v2\/types\/product"}],"wp:featuredmedia":[{"embeddable":true,"href":"https:\/\/systemyogrodzeniowe24.eu\/de\/wp-json\/wp\/v2\/media\/22581"}],"wp:attachment":[{"href":"https:\/\/systemyogrodzeniowe24.eu\/de\/wp-json\/wp\/v2\/media?parent=22577"}],"wp:term":[{"taxonomy":"product_cat","embeddable":true,"href":"https:\/\/systemyogrodzeniowe24.eu\/de\/wp-json\/wp\/v2\/product_cat?post=22577"},{"taxonomy":"product_tag","embeddable":true,"href":"https:\/\/systemyogrodzeniowe24.eu\/de\/wp-json\/wp\/v2\/product_tag?post=22577"}],"curies":[{"name":"wp","href":"https:\/\/api.w.org\/{rel}","templated":true}]}}