{"id":22550,"date":"2022-04-05T12:56:12","date_gmt":"2022-04-05T10:56:12","guid":{"rendered":"https:\/\/systemyogrodzeniowe24.eu\/?post_type=product&#038;p=22550"},"modified":"2022-04-05T14:49:00","modified_gmt":"2022-04-05T12:49:00","slug":"brama-dwuskrzydlowa-malachit-60-80-100-120","status":"publish","type":"product","link":"https:\/\/systemyogrodzeniowe24.eu\/de\/produkt\/brama-dwuskrzydlowa-malachit-60-80-100-120\/","title":{"rendered":"Brama dwuskrzyd\u0142owa MALACHIT 60\/80\/100\/120"},"content":{"rendered":"<p>Nowoczesne Ogrodzenia Frontowe z pewno\u015bci\u0105 stan\u0105 si\u0119 wizyt\u00f3wk\u0105 ka\u017cdej posesji. Bogate wzornictwo, ciekawy i nowoczesny desing, wysoka jako\u015b\u0107 i doskona\u0142e zabezpieczenie przed korozj\u0105, to cechy, kt\u00f3re sprawiaj\u0105, \u017ce jest to rozwi\u0105zanie jedyne w swoim rodzaju. Ogrodzenia zosta\u0142y zaprojektowane z my\u015bl\u0105 o Klientach ceni\u0105cych sobie prywatno\u015b\u0107 i dyskrecj\u0119, ale te\u017c gustuj\u0105cych w prostych, minimalistycznych formach.<\/p>\n<p>Malachit, to ogrodzenie, kt\u00f3re w minimalistycznym duchu oddaje klasyczn\u0105 form\u0119 prz\u0119s\u0142a z poziomymi poprzeczkami. Zr\u00f3\u017cnicowany stopie\u0144 przezierno\u015bci pozwala stosowa\u0107 je na posesjach o r\u00f3\u017cnorakim charakterze.<\/p>\n","protected":false},"excerpt":{"rendered":"<p>Dane techniczne:<\/p>\n<p>Wysoko\u015b\u0107 i szeroko\u015b\u0107 przygotowywana pod wymiar dla klienta<br \/>\nwysoko\u015b\u0107(zakres): 610 &#8211; 2050 mm<br \/>\nszeroko\u015b\u0107(zakres): 2000 &#8211; 5500 mm<br \/>\nrama (w zale\u017cno\u015bci od wymiar\u00f3w) profile 40 x 40 mm \/ 50 x 50 mm<br \/>\nwype\u0142nienie w zale\u017cno\u015bci od modelu:<br \/>\nprofile 60&#215;20 mm, 80&#215;20 mm, 100&#215;20 mm, 120&#215;20 mm<br \/>\nprze\u015bwit mi\u0119dzy profilami :20 lub 40 mm<br \/>\nmocowanie : zawiasy M20<br \/>\nDost\u0119pne warianty:<br \/>\n-brama r\u0119czna,<br \/>\n-brama przygotowana pod nap\u0119d,<br \/>\n-brama z nap\u0119dem<\/p>\n","protected":false},"featured_media":22532,"template":"","meta":[],"product_cat":[84,81,88,100],"product_tag":[],"class_list":["post-22550","product","type-product","status-publish","has-post-thumbnail","hentry","product_cat-frontzaeune","product_cat-pforte-und-tore-de","product_cat-zweifluegelige-tore","product_cat-zweifluegelige-tore-de"],"_links":{"self":[{"href":"https:\/\/systemyogrodzeniowe24.eu\/de\/wp-json\/wp\/v2\/product\/22550","targetHints":{"allow":["GET"]}}],"collection":[{"href":"https:\/\/systemyogrodzeniowe24.eu\/de\/wp-json\/wp\/v2\/product"}],"about":[{"href":"https:\/\/systemyogrodzeniowe24.eu\/de\/wp-json\/wp\/v2\/types\/product"}],"wp:featuredmedia":[{"embeddable":true,"href":"https:\/\/systemyogrodzeniowe24.eu\/de\/wp-json\/wp\/v2\/media\/22532"}],"wp:attachment":[{"href":"https:\/\/systemyogrodzeniowe24.eu\/de\/wp-json\/wp\/v2\/media?parent=22550"}],"wp:term":[{"taxonomy":"product_cat","embeddable":true,"href":"https:\/\/systemyogrodzeniowe24.eu\/de\/wp-json\/wp\/v2\/product_cat?post=22550"},{"taxonomy":"product_tag","embeddable":true,"href":"https:\/\/systemyogrodzeniowe24.eu\/de\/wp-json\/wp\/v2\/product_tag?post=22550"}],"curies":[{"name":"wp","href":"https:\/\/api.w.org\/{rel}","templated":true}]}}