{"id":22546,"date":"2022-04-05T12:21:06","date_gmt":"2022-04-05T10:21:06","guid":{"rendered":"https:\/\/systemyogrodzeniowe24.eu\/?post_type=product&#038;p=22546"},"modified":"2022-04-05T12:31:56","modified_gmt":"2022-04-05T10:31:56","slug":"przeslo-modul-1f-1g","status":"publish","type":"product","link":"https:\/\/systemyogrodzeniowe24.eu\/de\/produkt\/przeslo-modul-1f-1g\/","title":{"rendered":"Prz\u0119s\u0142o MODU\u0141 1F, 1G"},"content":{"rendered":"<p>Modu\u0142owe Ogrodzenia Frontowe o\u017cywiaj\u0105 standardow\u0105 ofert\u0119, daj\u0105c pole do tw\u00f3rczej ekspresji, a przy tym spe\u0142niaj\u0105 wa\u017cn\u0105 funkcje u\u017cytkow\u0105, zapewniaj\u0105c efekt nieprzezierno\u015bci w dolnej cz\u0119\u015bci ogrodzenia. S\u0105 rozwi\u0105zaniem oryginalnym i niepowtarzalnym, \u0142\u0105cz\u0105cym w sobie bezpiecze\u0144stwo i nowoczesn\u0105 stylistyk\u0119.<\/p>\n","protected":false},"excerpt":{"rendered":"<p>Dane techniczne:<\/p>\n<p>Wysoko\u015b\u0107 i szeroko\u015b\u0107 przygotowywana pod wymiar dla klienta<\/p>\n<p>wysoko\u015b\u0107(zakres): 600 &#8211; 2000 mm<\/p>\n<p>szeroko\u015b\u0107(zakres): 200 &#8211; 2500 mm<\/p>\n<p>rama: ceowniki + daszek<\/p>\n<p>wype\u0142nienie g\u00f3ra: 25 x 25 \/ 15 x 15 mm<\/p>\n<p>wype\u0142nienie d\u00f3\u0142: MALACHIT 60\/20 lub 80\/20<\/p>\n","protected":false},"featured_media":22300,"template":"","meta":[],"product_cat":[84,86,92,97],"product_tag":[],"class_list":["post-22546","product","type-product","status-publish","has-post-thumbnail","hentry","product_cat-frontzaeune","product_cat-modulare-zaeune","product_cat-module","product_cat-zaunelemente"],"_links":{"self":[{"href":"https:\/\/systemyogrodzeniowe24.eu\/de\/wp-json\/wp\/v2\/product\/22546","targetHints":{"allow":["GET"]}}],"collection":[{"href":"https:\/\/systemyogrodzeniowe24.eu\/de\/wp-json\/wp\/v2\/product"}],"about":[{"href":"https:\/\/systemyogrodzeniowe24.eu\/de\/wp-json\/wp\/v2\/types\/product"}],"wp:featuredmedia":[{"embeddable":true,"href":"https:\/\/systemyogrodzeniowe24.eu\/de\/wp-json\/wp\/v2\/media\/22300"}],"wp:attachment":[{"href":"https:\/\/systemyogrodzeniowe24.eu\/de\/wp-json\/wp\/v2\/media?parent=22546"}],"wp:term":[{"taxonomy":"product_cat","embeddable":true,"href":"https:\/\/systemyogrodzeniowe24.eu\/de\/wp-json\/wp\/v2\/product_cat?post=22546"},{"taxonomy":"product_tag","embeddable":true,"href":"https:\/\/systemyogrodzeniowe24.eu\/de\/wp-json\/wp\/v2\/product_tag?post=22546"}],"curies":[{"name":"wp","href":"https:\/\/api.w.org\/{rel}","templated":true}]}}