{"id":22464,"date":"2022-03-31T12:03:42","date_gmt":"2022-03-31T10:03:42","guid":{"rendered":"https:\/\/systemyogrodzeniowe24.eu\/?post_type=product&#038;p=22464"},"modified":"2022-04-04T14:33:04","modified_gmt":"2022-04-04T12:33:04","slug":"panel-ogrodzeniowy-fortis-2w-h1200-mm-5-5-oczko-50x200-mm-kolor-grafit-ral-7016","status":"publish","type":"product","link":"https:\/\/systemyogrodzeniowe24.eu\/de\/produkt\/panel-ogrodzeniowy-fortis-2w-h1200-mm-5-5-oczko-50x200-mm-kolor-grafit-ral-7016\/","title":{"rendered":"Panel ogrodzeniowy FORTIS 2W, H=1200 mm, 5\/5, oczko 50&#215;200 mm, kolor grafit RAL 7016"},"content":{"rendered":"<p style=\"text-align: left;\">System ogrodze\u0144 panelowych FORTIS sk\u0142ada si\u0119 z paneli ogrodzeniowych, s\u0142up\u00f3w prz\u0119s\u0142owych 60 x 40 mm oraz obejm monta\u017cowych. Panele ogrodzeniowe z serii FORTIS wyprodukowane zosta\u0142y przy u\u017cyciu najnowocze\u015bniejszych maszyn i technologii. Gwarantuj\u0105 du\u017c\u0105 wytrzyma\u0142o\u015b\u0107 dzi\u0119ki zabezpieczeniu antykorozyjnemu tj. ocynk ogniowy i system Duplex. Zastosowany drut o grubo\u015bci 5 mm tworzy solidn\u0105 konstrukcj\u0119, odporna na zniekszta\u0142cenia. Doskonale sprawdza si\u0119 jako ogrodzenie posesji prywatnych, firm, magazyn\u00f3w, market\u00f3w, szk\u00f3\u0142 oraz innych obiekt\u00f3w u\u017cyteczno\u015bci publicznej.<\/p>\n<p style=\"text-align: left;\">Oznaczenie 5\/5 wskazuje, \u017ce panel jest zgrzany z pr\u0119t\u00f3w stalowych poziomych i pionowych o \u015brednicy 5 mm.<\/p>\n<p>Oznaczenie W wskazuje, \u017ce panel ma 2 przet\u0142oczenia.<\/p>\n<p>Opr\u00f3cz pe\u0142nienia funkcji dekoracyjnej, wzmacniaj\u0105 one panel i w spos\u00f3b zasadniczy wp\u0142ywaj\u0105 na stabilno\u015b\u0107. Panel zako\u0144czony jest obustronnie pionowymi ko\u0144c\u00f3wkami.<\/p>\n<p>Panel jest ocynkowany ogniowo i malowany proszkowo.<\/p>\n","protected":false},"excerpt":{"rendered":"<p>Dane techniczne:<\/p>\n<p>wysoko\u015b\u0107: 1200 mm<br \/>\nszeroko\u015b\u0107: 2500 mm<br \/>\n\u015brednica pr\u0119t\u00f3w poziomych i pionowych 4 mm<br \/>\noczko: 50&#215;200 mm<br \/>\nliczba pr\u0119t\u00f3w pionowych: 51 szt.<br \/>\nliczba przet\u0142ocze\u0144: 2<br \/>\nzako\u0144czenie: ostre<br \/>\nkolor: grafit RAL 7016<br \/>\nzabezpieczenia antykorozyjne: ocynk ogniowy<br \/>\nsystem mocowania: obejma monta\u017cowa 40&#215;60 mm<\/p>\n","protected":false},"featured_media":22114,"template":"","meta":[],"product_cat":[76,77],"product_tag":[],"class_list":["post-22464","product","type-product","status-publish","has-post-thumbnail","hentry","product_cat-paneelzaeune-de","product_cat-zaunpaneele-de"],"_links":{"self":[{"href":"https:\/\/systemyogrodzeniowe24.eu\/de\/wp-json\/wp\/v2\/product\/22464","targetHints":{"allow":["GET"]}}],"collection":[{"href":"https:\/\/systemyogrodzeniowe24.eu\/de\/wp-json\/wp\/v2\/product"}],"about":[{"href":"https:\/\/systemyogrodzeniowe24.eu\/de\/wp-json\/wp\/v2\/types\/product"}],"wp:featuredmedia":[{"embeddable":true,"href":"https:\/\/systemyogrodzeniowe24.eu\/de\/wp-json\/wp\/v2\/media\/22114"}],"wp:attachment":[{"href":"https:\/\/systemyogrodzeniowe24.eu\/de\/wp-json\/wp\/v2\/media?parent=22464"}],"wp:term":[{"taxonomy":"product_cat","embeddable":true,"href":"https:\/\/systemyogrodzeniowe24.eu\/de\/wp-json\/wp\/v2\/product_cat?post=22464"},{"taxonomy":"product_tag","embeddable":true,"href":"https:\/\/systemyogrodzeniowe24.eu\/de\/wp-json\/wp\/v2\/product_tag?post=22464"}],"curies":[{"name":"wp","href":"https:\/\/api.w.org\/{rel}","templated":true}]}}