{"id":22422,"date":"2022-03-31T09:02:29","date_gmt":"2022-03-31T07:02:29","guid":{"rendered":"https:\/\/systemyogrodzeniowe24.eu\/?post_type=product&#038;p=22422"},"modified":"2022-04-04T13:18:26","modified_gmt":"2022-04-04T11:18:26","slug":"panel-ogrodzeniowy-podwojnie-zgrzewany-2d-h1830-mm-6-5-6-oczko-50x200-mm-kolor-grafit-ral-7016","status":"publish","type":"product","link":"https:\/\/systemyogrodzeniowe24.eu\/de\/produkt\/panel-ogrodzeniowy-podwojnie-zgrzewany-2d-h1830-mm-6-5-6-oczko-50x200-mm-kolor-grafit-ral-7016\/","title":{"rendered":"Panel ogrodzeniowy podw\u00f3jnie zgrzewany 2D, H=1830 mm, 6\/5\/6, oczko 50&#215;200 mm, kolor grafit RAL 7016"},"content":{"rendered":"<p>Panel 2D to produkt o solidnej, odpornej na zniekszta\u0142cenia konstrukcji wykonanej z drutu pionowego o grubo\u015bci 5 mm i podw\u00f3jnego drutu poziomego o grubo\u015bci 6 mm. Panel doskonale nadaje si\u0119 jako ogrodzenie posesji prywatnych, firm, magazyn\u00f3w, market\u00f3w, szk\u00f3\u0142 oraz innych obiekt\u00f3w u\u017cyteczno\u015bci publicznej.<\/p>\n","protected":false},"excerpt":{"rendered":"<p>Dane techniczne:<\/p>\n<p>wysoko\u015b\u0107: 1830 mm<br \/>\nszeroko\u015b\u0107: 2500 mm<\/p>\n<p>\u015brednica pr\u0119t\u00f3w pionowych: 5 mm \u015brednica pr\u0119t\u00f3w pionowych: 6 mm<br \/>\noczko: 50&#215;200 mm<br \/>\nliczba pr\u0119t\u00f3w pionowych: 51 szt<br \/>\nzako\u0144czenie: ostre<br \/>\nkolor: zielony RAL 7016<br \/>\nzabezpieczenia antykorozyjne: ocynk ogniowy<\/p>\n","protected":false},"featured_media":22368,"template":"","meta":[],"product_cat":[76,77],"product_tag":[],"class_list":["post-22422","product","type-product","status-publish","has-post-thumbnail","hentry","product_cat-paneelzaeune-de","product_cat-zaunpaneele-de"],"_links":{"self":[{"href":"https:\/\/systemyogrodzeniowe24.eu\/de\/wp-json\/wp\/v2\/product\/22422","targetHints":{"allow":["GET"]}}],"collection":[{"href":"https:\/\/systemyogrodzeniowe24.eu\/de\/wp-json\/wp\/v2\/product"}],"about":[{"href":"https:\/\/systemyogrodzeniowe24.eu\/de\/wp-json\/wp\/v2\/types\/product"}],"wp:featuredmedia":[{"embeddable":true,"href":"https:\/\/systemyogrodzeniowe24.eu\/de\/wp-json\/wp\/v2\/media\/22368"}],"wp:attachment":[{"href":"https:\/\/systemyogrodzeniowe24.eu\/de\/wp-json\/wp\/v2\/media?parent=22422"}],"wp:term":[{"taxonomy":"product_cat","embeddable":true,"href":"https:\/\/systemyogrodzeniowe24.eu\/de\/wp-json\/wp\/v2\/product_cat?post=22422"},{"taxonomy":"product_tag","embeddable":true,"href":"https:\/\/systemyogrodzeniowe24.eu\/de\/wp-json\/wp\/v2\/product_tag?post=22422"}],"curies":[{"name":"wp","href":"https:\/\/api.w.org\/{rel}","templated":true}]}}