{"id":22397,"date":"2022-03-17T14:17:46","date_gmt":"2022-03-17T13:17:46","guid":{"rendered":"https:\/\/systemyogrodzeniowe24.eu\/produkt\/element-murka-gmd-joniec\/"},"modified":"2022-03-17T14:17:46","modified_gmt":"2022-03-17T13:17:46","slug":"element-murka-gmd-joniec-2","status":"publish","type":"product","link":"https:\/\/systemyogrodzeniowe24.eu\/de\/produkt\/element-murka-gmd-joniec-2\/","title":{"rendered":"Element murka GMD JONIEC"},"content":{"rendered":"<p>Ogrodzenie \u0142upane GORC\u00ae de Luxe GL38 jest wi\u0119kszym odpowiednikiem ogrodzenia betonowego GORC\u00ae de Luxe GL22. Mo\u017cliwo\u015b\u0107 \u0142\u0105czenia element\u00f3w system\u00f3w GL22 i GL38 daje ogromne mo\u017cliwo\u015bci aran\u017cacji i dopasowania ogrodzenia do architektury budynku. Najbardziej popularnym rozwi\u0105zaniem jest zastosowanie s\u0142upk\u00f3w GORC\u00ae de Luxe GL38 oraz podmur\u00f3wki GORC\u00ae de Luxe GL22. Ogrodzenie budowane w takim uk\u0142adzie nabiera dostojno\u015bci i majestatu.<\/p>\n<p>Ogrodzenie GORC\u00ae zosta\u0142o 3 razy wyr\u00f3\u017cnione europejskim certyfikatem JAKO\u015a\u0106 ROKU\u00ae &#8211; w roku 2011, 2014 i 2016, natomiast w 2018 &#8211; Certyfikatem HOME ZONE Jako\u015b\u0107 i Niezawodno\u015b\u0107.<\/p>\n<p>Wymiary:<br \/>\nSzeroko\u015b\u0107: 38 cm<br \/>\nG\u0142\u0119boko\u015b\u0107: 38 cm<br \/>\nWysoko\u015b\u0107: 16 cm<\/p>\n<p>Kolory: alaska, bronzyt, getyt, piryt, onyx, vera.<\/p>\n<p>&nbsp;<\/p>\n","protected":false},"excerpt":{"rendered":"<p>Ogrodzenie \u0142upane GORC\u00ae de Luxe GL38 jest wi\u0119kszym odpowiednikiem ogrodzenia betonowego GORC\u00ae de Luxe GL22. Mo\u017cliwo\u015b\u0107 \u0142\u0105czenia element\u00f3w system\u00f3w GL22 i GL38 daje ogromne mo\u017cliwo\u015bci aran\u017cacji i dopasowania ogrodzenia do architektury budynku. Najbardziej popularnym rozwi\u0105zaniem jest zastosowanie s\u0142upk\u00f3w GORC\u00ae de Luxe GL38 oraz podmur\u00f3wki GORC\u00ae de Luxe GL22. Ogrodzenie budowane&hellip; <\/p>\n","protected":false},"featured_media":22190,"template":"","meta":[],"product_cat":[94,85],"product_tag":[],"class_list":["post-22397","product","type-product","status-publish","has-post-thumbnail","hentry","product_cat-gorc-de-luxe-gl38-system","product_cat-joniec-zaeune"],"_links":{"self":[{"href":"https:\/\/systemyogrodzeniowe24.eu\/de\/wp-json\/wp\/v2\/product\/22397","targetHints":{"allow":["GET"]}}],"collection":[{"href":"https:\/\/systemyogrodzeniowe24.eu\/de\/wp-json\/wp\/v2\/product"}],"about":[{"href":"https:\/\/systemyogrodzeniowe24.eu\/de\/wp-json\/wp\/v2\/types\/product"}],"wp:featuredmedia":[{"embeddable":true,"href":"https:\/\/systemyogrodzeniowe24.eu\/de\/wp-json\/wp\/v2\/media\/22190"}],"wp:attachment":[{"href":"https:\/\/systemyogrodzeniowe24.eu\/de\/wp-json\/wp\/v2\/media?parent=22397"}],"wp:term":[{"taxonomy":"product_cat","embeddable":true,"href":"https:\/\/systemyogrodzeniowe24.eu\/de\/wp-json\/wp\/v2\/product_cat?post=22397"},{"taxonomy":"product_tag","embeddable":true,"href":"https:\/\/systemyogrodzeniowe24.eu\/de\/wp-json\/wp\/v2\/product_tag?post=22397"}],"curies":[{"name":"wp","href":"https:\/\/api.w.org\/{rel}","templated":true}]}}