{"id":22390,"date":"2022-03-25T15:01:40","date_gmt":"2022-03-25T14:01:40","guid":{"rendered":"https:\/\/systemyogrodzeniowe24.eu\/produkt\/brama-dwuskrzydlowa-ametyst\/"},"modified":"2022-04-14T14:48:38","modified_gmt":"2022-04-14T12:48:38","slug":"brama-dwuskrzydlowa-ametyst","status":"publish","type":"product","link":"https:\/\/systemyogrodzeniowe24.eu\/de\/produkt\/brama-dwuskrzydlowa-ametyst\/","title":{"rendered":"Brama dwuskrzyd\u0142owa AMETYST"},"content":{"rendered":"<p>Nowoczesne Ogrodzenia Frontowe to tradycyjne rozwi\u0105zanie w nowoczesnym wydaniu. Bogate wzornictwo i kolorystyka, wysoka jako\u015b\u0107 oraz skuteczne zabezpieczenie przed korozj\u0105 to cechy, kt\u00f3re pozwalaj\u0105 wykorzystywa\u0107 Nowoczesne Ogrodzenia Frontowe zar\u00f3wno na prywatnych posesjach, jak i przy firmach czy zak\u0142adach przemys\u0142owych.<\/p>\n<p>Ogrodzenie AMETYST cenione przez Klient\u00f3w zar\u00f3wno ze wzgl\u0119du na swoj\u0105 prost\u0105 form\u0119 jaki i funkcj\u0119. Z racji zag\u0119szczenia kszta\u0142townik\u00f3w w dolnej cz\u0119\u015bci prz\u0119s\u0142a stanowi idealny wz\u00f3r dla os\u00f3b posiadaj\u0105cych mniejsze czworonogi<\/p>\n","protected":false},"excerpt":{"rendered":"<p>Dane techniczne:<\/p>\n<p><strong>Wysoko\u015b\u0107 i szeroko\u015b\u0107 przygotowywana pod wymiar dla klienta<\/strong><\/p>\n<p>wysoko\u015b\u0107(zakres): 710-2000 mm<br \/>\nszeroko\u015b\u0107(zakres): 2000-5500 mm<br \/>\nwype\u0142nienie: profile 15&#215;15 mm<br \/>\nwersja: prosta, wypuk\u0142a<br \/>\nDost\u0119pne warianty:<br \/>\n-brama r\u0119czna,<br \/>\n-brama przygotowana pod nap\u0119d,<br \/>\n-brama z nap\u0119dem<\/p>\n","protected":false},"featured_media":22225,"template":"","meta":[],"product_cat":[84,81,88,100],"product_tag":[],"class_list":["post-22390","product","type-product","status-publish","has-post-thumbnail","hentry","product_cat-frontzaeune","product_cat-pforte-und-tore-de","product_cat-zweifluegelige-tore","product_cat-zweifluegelige-tore-de"],"_links":{"self":[{"href":"https:\/\/systemyogrodzeniowe24.eu\/de\/wp-json\/wp\/v2\/product\/22390","targetHints":{"allow":["GET"]}}],"collection":[{"href":"https:\/\/systemyogrodzeniowe24.eu\/de\/wp-json\/wp\/v2\/product"}],"about":[{"href":"https:\/\/systemyogrodzeniowe24.eu\/de\/wp-json\/wp\/v2\/types\/product"}],"wp:featuredmedia":[{"embeddable":true,"href":"https:\/\/systemyogrodzeniowe24.eu\/de\/wp-json\/wp\/v2\/media\/22225"}],"wp:attachment":[{"href":"https:\/\/systemyogrodzeniowe24.eu\/de\/wp-json\/wp\/v2\/media?parent=22390"}],"wp:term":[{"taxonomy":"product_cat","embeddable":true,"href":"https:\/\/systemyogrodzeniowe24.eu\/de\/wp-json\/wp\/v2\/product_cat?post=22390"},{"taxonomy":"product_tag","embeddable":true,"href":"https:\/\/systemyogrodzeniowe24.eu\/de\/wp-json\/wp\/v2\/product_tag?post=22390"}],"curies":[{"name":"wp","href":"https:\/\/api.w.org\/{rel}","templated":true}]}}