{"id":22389,"date":"2022-03-28T08:32:55","date_gmt":"2022-03-28T06:32:55","guid":{"rendered":"https:\/\/systemyogrodzeniowe24.eu\/produkt\/brama-dwuskrzydlowa-agat\/"},"modified":"2022-04-11T12:02:27","modified_gmt":"2022-04-11T10:02:27","slug":"furtka-agat","status":"publish","type":"product","link":"https:\/\/systemyogrodzeniowe24.eu\/de\/produkt\/furtka-agat\/","title":{"rendered":"Furtka AGAT"},"content":{"rendered":"<p>Nowoczesne Ogrodzenia Frontowe to tradycyjne rozwi\u0105zanie w nowoczesnym wydaniu. Bogate wzornictwo i kolorystyka, wysoka jako\u015b\u0107 oraz skuteczne zabezpieczenie przed korozj\u0105 to cechy, kt\u00f3re pozwalaj\u0105 wykorzystywa\u0107 Nowoczesne Ogrodzenia Frontowe zar\u00f3wno na prywatnych posesjach, jak i przy firmach czy zak\u0142adach przemys\u0142owych.<\/p>\n<p>Ogrodzenie AGAT w klasycznej formie nadaje si\u0119 do ka\u017cdej strefy przydomowej. Minimalistyczne desing prz\u0119se\u0142 dost\u0119pnych w prostej lub wypuk\u0142ej wersji oraz szerokiej gamie kolorystycznej sprawdzi si\u0119 w przypadku zar\u00f3wno nowoczesnego jak i tradycyjnego budownictwa<\/p>\n","protected":false},"excerpt":{"rendered":"<p>Dane techniczne:<\/p>\n<p>Wysoko\u015b\u0107 i szeroko\u015b\u0107 przygotowywana pod wymiar dla klienta<\/p>\n<p>wysoko\u015b\u0107(zakres): 400-2000mm<br \/>\nszeroko\u015b\u0107(zakres): 700-2000mm<br \/>\nrama: w zale\u017cno\u015bci od modelu profile 40&#215;40, 50&#215;30 mm<br \/>\nwype\u0142nienie: w zale\u017cno\u015bci od modelu profile 15&#215;15, 25&#215;25 mm<br \/>\nwersja: prosta, wypuk\u0142a<br \/>\nstandardowa szeroko\u015b\u0107: 1190 mm<\/p>\n","protected":false},"featured_media":22743,"template":"","meta":[],"product_cat":[84,81,90,99],"product_tag":[],"class_list":["post-22389","product","type-product","status-publish","has-post-thumbnail","hentry","product_cat-frontzaeune","product_cat-pforte-und-tore-de","product_cat-pforten","product_cat-pforten-de"],"_links":{"self":[{"href":"https:\/\/systemyogrodzeniowe24.eu\/de\/wp-json\/wp\/v2\/product\/22389","targetHints":{"allow":["GET"]}}],"collection":[{"href":"https:\/\/systemyogrodzeniowe24.eu\/de\/wp-json\/wp\/v2\/product"}],"about":[{"href":"https:\/\/systemyogrodzeniowe24.eu\/de\/wp-json\/wp\/v2\/types\/product"}],"wp:featuredmedia":[{"embeddable":true,"href":"https:\/\/systemyogrodzeniowe24.eu\/de\/wp-json\/wp\/v2\/media\/22743"}],"wp:attachment":[{"href":"https:\/\/systemyogrodzeniowe24.eu\/de\/wp-json\/wp\/v2\/media?parent=22389"}],"wp:term":[{"taxonomy":"product_cat","embeddable":true,"href":"https:\/\/systemyogrodzeniowe24.eu\/de\/wp-json\/wp\/v2\/product_cat?post=22389"},{"taxonomy":"product_tag","embeddable":true,"href":"https:\/\/systemyogrodzeniowe24.eu\/de\/wp-json\/wp\/v2\/product_tag?post=22389"}],"curies":[{"name":"wp","href":"https:\/\/api.w.org\/{rel}","templated":true}]}}