{"id":22127,"date":"2022-03-01T14:04:55","date_gmt":"2022-03-01T13:04:55","guid":{"rendered":"https:\/\/systemyogrodzeniowe24.eu\/produkt\/obejma-panelowa-startowa-grafit-ral-7016\/"},"modified":"2022-03-18T13:24:35","modified_gmt":"2022-03-18T12:24:35","slug":"obejma-panelowa-startowa-grafit-ral-7016","status":"publish","type":"product","link":"https:\/\/systemyogrodzeniowe24.eu\/de\/produkt\/obejma-panelowa-startowa-grafit-ral-7016\/","title":{"rendered":"Obejma panelowa startowa kolor grafit RAL 7016"},"content":{"rendered":"<p>Obejma startowa (pocz\u0105tkowa) s\u0142u\u017cy do monta\u017cu panela do pierwszego lub ostatniego s\u0142upka. Obejma metalowa pasuje do s\u0142upka o przekroju 40 x 60 mm i umo\u017cliwia szybki, samodzielny monta\u017c ogrodzenia. Obejma D4 przeznaczona jest do monta\u017cu paneli o \u015brednicy drutu 4 mm.<\/p>\n<p>Obejma jest ocynkowana ogniowo i malowana proszkowo.<\/p>\n<p>Komplet zawiera wszystkie elementy potrzebne do monta\u017cu<\/p>\n","protected":false},"excerpt":{"rendered":"<p>Obejma startowa (pocz\u0105tkowa) s\u0142u\u017cy do monta\u017cu panela do pierwszego lub ostatniego s\u0142upka. Obejma metalowa pasuje do s\u0142upka o przekroju 40 x 60 mm i umo\u017cliwia szybki, samodzielny monta\u017c ogrodzenia. Obejma D4 przeznaczona jest do monta\u017cu paneli o \u015brednicy drutu 4 mm. Obejma jest ocynkowana ogniowo i malowana proszkowo. Komplet zawiera&hellip; <\/p>\n","protected":false},"featured_media":22032,"template":"","meta":[],"product_cat":[91,76],"product_tag":[],"class_list":["post-22127","product","type-product","status-publish","has-post-thumbnail","hentry","product_cat-paneel-zubehoer","product_cat-paneelzaeune-de"],"_links":{"self":[{"href":"https:\/\/systemyogrodzeniowe24.eu\/de\/wp-json\/wp\/v2\/product\/22127","targetHints":{"allow":["GET"]}}],"collection":[{"href":"https:\/\/systemyogrodzeniowe24.eu\/de\/wp-json\/wp\/v2\/product"}],"about":[{"href":"https:\/\/systemyogrodzeniowe24.eu\/de\/wp-json\/wp\/v2\/types\/product"}],"wp:featuredmedia":[{"embeddable":true,"href":"https:\/\/systemyogrodzeniowe24.eu\/de\/wp-json\/wp\/v2\/media\/22032"}],"wp:attachment":[{"href":"https:\/\/systemyogrodzeniowe24.eu\/de\/wp-json\/wp\/v2\/media?parent=22127"}],"wp:term":[{"taxonomy":"product_cat","embeddable":true,"href":"https:\/\/systemyogrodzeniowe24.eu\/de\/wp-json\/wp\/v2\/product_cat?post=22127"},{"taxonomy":"product_tag","embeddable":true,"href":"https:\/\/systemyogrodzeniowe24.eu\/de\/wp-json\/wp\/v2\/product_tag?post=22127"}],"curies":[{"name":"wp","href":"https:\/\/api.w.org\/{rel}","templated":true}]}}