{"id":21982,"date":"2022-02-28T14:26:04","date_gmt":"2022-02-28T13:26:04","guid":{"rendered":"http:\/\/systemyogrodzeniowe24.eu\/?post_type=product&#038;p=21982"},"modified":"2022-03-31T11:34:14","modified_gmt":"2022-03-31T09:34:14","slug":"panel-ogrodzeniowy-fox-3w-h1500-mm-4-4-oczko-50x200-mm-kolor-ral-7016-grafit","status":"publish","type":"product","link":"https:\/\/systemyogrodzeniowe24.eu\/de\/produkt\/panel-ogrodzeniowy-fox-3w-h1500-mm-4-4-oczko-50x200-mm-kolor-ral-7016-grafit\/","title":{"rendered":"Panel ogrodzeniowy FOX 3W, H=1500 mm, 4\/4, oczko 50&#215;200 mm, kolor grafit RAL 7016"},"content":{"rendered":"<p style=\"text-align: left;\">System ogrodze\u0144 panelowych FOX sk\u0142ada si\u0119 z paneli ogrodzeniowych, s\u0142up\u00f3w prz\u0119s\u0142owych 60 x 40 mm oraz obejm monta\u017cowych. Znakomicie sprawdza si\u0119 jako ogrodzenie posesji prywatnych i firm. Poprzez idealnie dopasowane parametry oraz dzi\u0119ki zastosowaniu bardzo nowoczesnej, zautomatyzowanej technologii produkcji, daje nam gwarancj\u0119 wieloletniej wytrzyma\u0142o\u015bci i niezawodno\u015bci.<\/p>\n<p style=\"text-align: left;\">Oznaczenie 4\/4 wskazuje, \u017ce panel jest zgrzany z pr\u0119t\u00f3w stalowych poziomych i pionowych o \u015brednicy 4 mm.<\/p>\n<p>Oznaczenie 3W wskazuje, \u017ce panel ma 3 przet\u0142oczenia.<\/p>\n<p>Opr\u00f3cz pe\u0142nienia funkcji dekoracyjnej, wzmacniaj\u0105 one panel i w spos\u00f3b zasadniczy wp\u0142ywaj\u0105 na stabilno\u015b\u0107. Panel zako\u0144czony jest obustronnie pionowymi ko\u0144c\u00f3wkami.<\/p>\n<p>Panel jest ocynkowany ogniowo i malowany proszkowo.<\/p>\n","protected":false},"excerpt":{"rendered":"<p>Dane techniczne:<\/p>\n<p>wysoko\u015b\u0107: 1500 mm<br \/>\nszeroko\u015b\u0107: 2500 mm<br \/>\n\u015brednica pr\u0119t\u00f3w poziomych i pionowych 4 mm<br \/>\noczko: 50&#215;200 mm<br \/>\nliczba pr\u0119t\u00f3w pionowych: 51 szt.<br \/>\nliczba przet\u0142ocze\u0144: 3<br \/>\nzako\u0144czenie: ostre<br \/>\nkolor: grafit RAL 7016<br \/>\nzabezpieczenia antykorozyjne: ocynk ogniowy<br \/>\nsystem mocowania: obejma monta\u017cowa 40&#215;60 mm<\/p>\n","protected":false},"featured_media":22118,"template":"","meta":[],"product_cat":[76,77],"product_tag":[],"class_list":["post-21982","product","type-product","status-publish","has-post-thumbnail","hentry","product_cat-paneelzaeune-de","product_cat-zaunpaneele-de"],"_links":{"self":[{"href":"https:\/\/systemyogrodzeniowe24.eu\/de\/wp-json\/wp\/v2\/product\/21982","targetHints":{"allow":["GET"]}}],"collection":[{"href":"https:\/\/systemyogrodzeniowe24.eu\/de\/wp-json\/wp\/v2\/product"}],"about":[{"href":"https:\/\/systemyogrodzeniowe24.eu\/de\/wp-json\/wp\/v2\/types\/product"}],"wp:featuredmedia":[{"embeddable":true,"href":"https:\/\/systemyogrodzeniowe24.eu\/de\/wp-json\/wp\/v2\/media\/22118"}],"wp:attachment":[{"href":"https:\/\/systemyogrodzeniowe24.eu\/de\/wp-json\/wp\/v2\/media?parent=21982"}],"wp:term":[{"taxonomy":"product_cat","embeddable":true,"href":"https:\/\/systemyogrodzeniowe24.eu\/de\/wp-json\/wp\/v2\/product_cat?post=21982"},{"taxonomy":"product_tag","embeddable":true,"href":"https:\/\/systemyogrodzeniowe24.eu\/de\/wp-json\/wp\/v2\/product_tag?post=21982"}],"curies":[{"name":"wp","href":"https:\/\/api.w.org\/{rel}","templated":true}]}}