{"id":21894,"date":"2022-02-17T15:15:11","date_gmt":"2022-02-17T14:15:11","guid":{"rendered":"http:\/\/systemyogrodzeniowe24.eu\/produkt\/slupek-panelowy-2000-mm-scianka-125-mm-zielony\/"},"modified":"2022-04-20T10:50:04","modified_gmt":"2022-04-20T08:50:04","slug":"slupek-panelowy-2000-mm-scianka-125-mm-kolor-grafit-ral-7016","status":"publish","type":"product","link":"https:\/\/systemyogrodzeniowe24.eu\/de\/produkt\/slupek-panelowy-2000-mm-scianka-125-mm-kolor-grafit-ral-7016\/","title":{"rendered":"S\u0142upek panelowy 2000 mm \u015bcianka 1,25 mm kolor grafit RAL 7016"},"content":{"rendered":"<p>S\u0142upek panelowy przeznaczony do zabetonowania w ziemi, wyposa\u017cony w zamykaj\u0105cy go od g\u00f3ry kapturek. Zalecany do monta\u017cu paneli z drutu o grubo\u015bci 4 mm o wysoko\u015bci 1360 mm, 1500 mm.<\/p>\n<p>S\u0142upek jest ocynkowany ogniowo i malowany proszkowo<\/p>\n","protected":false},"excerpt":{"rendered":"<p>Dane techniczne:<\/p>\n<p>wysoko\u015b\u0107: 2000 mm<br \/>\nszeroko\u015b\u0107: 60 mm<br \/>\ng\u0142\u0119boko\u015b\u0107: 40 mm<br \/>\ngrubo\u015b\u0107 \u015bcianki: 1,25 mm<\/p>\n<p>kolor: grafit RAL 7016<br \/>\nzabezpieczenia antykorozyjne: ocynk ogniowy<\/p>\n","protected":false},"featured_media":22528,"template":"","meta":[],"product_cat":[78,76],"product_tag":[],"class_list":["post-21894","product","type-product","status-publish","has-post-thumbnail","hentry","product_cat-panel-pfosten-de","product_cat-paneelzaeune-de"],"_links":{"self":[{"href":"https:\/\/systemyogrodzeniowe24.eu\/de\/wp-json\/wp\/v2\/product\/21894","targetHints":{"allow":["GET"]}}],"collection":[{"href":"https:\/\/systemyogrodzeniowe24.eu\/de\/wp-json\/wp\/v2\/product"}],"about":[{"href":"https:\/\/systemyogrodzeniowe24.eu\/de\/wp-json\/wp\/v2\/types\/product"}],"wp:featuredmedia":[{"embeddable":true,"href":"https:\/\/systemyogrodzeniowe24.eu\/de\/wp-json\/wp\/v2\/media\/22528"}],"wp:attachment":[{"href":"https:\/\/systemyogrodzeniowe24.eu\/de\/wp-json\/wp\/v2\/media?parent=21894"}],"wp:term":[{"taxonomy":"product_cat","embeddable":true,"href":"https:\/\/systemyogrodzeniowe24.eu\/de\/wp-json\/wp\/v2\/product_cat?post=21894"},{"taxonomy":"product_tag","embeddable":true,"href":"https:\/\/systemyogrodzeniowe24.eu\/de\/wp-json\/wp\/v2\/product_tag?post=21894"}],"curies":[{"name":"wp","href":"https:\/\/api.w.org\/{rel}","templated":true}]}}