{"id":22054,"date":"2022-01-25T08:00:35","date_gmt":"2022-01-25T07:00:35","guid":{"rendered":"http:\/\/systemyogrodzeniowe24.eu\/cookies-richtlinie\/"},"modified":"2022-03-06T20:10:28","modified_gmt":"2022-03-06T19:10:28","slug":"cookies-richtlinie","status":"publish","type":"page","link":"https:\/\/systemyogrodzeniowe24.eu\/de\/cookies-richtlinie\/","title":{"rendered":"COOKIES-RICHTLINIE"},"content":{"rendered":"<p>COOKIES-RICHTLINIE <br \/>1. DEFINITIONEN<\/p>\n<p>Adminitator &#8211; Halina Paw\u0142owska , der ein Unternehmen unter dem Namen \u201eZak\u0142ad Budowlany UNIMED. Halina Paw\u0142owska\u201d mit Sitz in: ul. Grotnicka 44B, 64-140 W\u0142oszakowice betreibt, eingetragen im Zentralregister und Informationen zur Wirtschaftst\u00e4tigkeit, NIP: 6971338940, REGON: 411424302, E-Mail-Adresse: biuro@systemyogrodzeniowe24.eu Halina Paw\u0142owska\u201d z siedziba pod adresem: ul. Grotnicka 44B, 64-140 W\u0142oszakowice, wpisan\u0105 do Centralnej Ewidencji i Informacji o Dzia\u0142alno\u015bci Gospodarczej, NIP: 6971338940, REGON: 411424302, adres e-mail biuro@systemyogrodzeniowe24.eu  <br \/>2. Cookies &#8211; IT-Daten, kleine Textdateien, die auf Ger\u00e4ten gespeichert und gespeichert werden, \u00fcber die der Benutzer die Website des Administrators nutzt.<br \/>3. Ger\u00e4t \u2013 ein elektronisches Ger\u00e4t, \u00fcber das der Benutzer Zugang zur Website des Administrators erh\u00e4lt.<br \/>4. Benutzer \u2013 bezeichnet eine juristische Person, f\u00fcr die elektronische Dienstleistungen gem\u00e4\u00df den Vorschriften und gesetzlichen Bestimmungen erbracht werden k\u00f6nnen oder mit der ein Vertrag \u00fcber die Erbringung elektronischer Dienstleistungen abgeschlossen werden kann.<\/p>\n<p>1. VERWENDUNG VON COOKIES<\/p>\n<p>1. Der Administrator verwendet Cookies \u00fcber die Website.<br \/>2. Die auf Basis von Cookies gesammelten Informationen werden zum Zweck der ordnungsgem\u00e4\u00dfen Optimierung der Website sowie zu statistischen und werblichen Zwecken verwendet.<br \/>3. Cookies zeichnen die Aktivit\u00e4t des Benutzers der Website auf, indem sie das Ger\u00e4t erkennen, wodurch die Website auf eine Weise angezeigt wird, die auf die individuellen Pr\u00e4ferenzen des Benutzers optimiert ist.<br \/>4. Die auf der Website verwendeten L\u00f6sungen sind f\u00fcr die Ger\u00e4te der Benutzer, die die Website des Administrators verwenden, sicher. Es ist nicht m\u00f6glich, dass gef\u00e4hrliche oder b\u00f6sartige Software auf die Ger\u00e4te der Benutzer gelangt. Nie jest mo\u017cliwe przedostanie si\u0119 do Urz\u0105dze\u0144 U\u017cytkownik\u00f3w niebezpiecznego lub z\u0142o\u015bliwego oprogramowania. <br \/>5. Der Administrator verwendet zwei Arten von Cookies:<br \/>6. Session cookies: Dies sind Dateien, die auf dem Ger\u00e4t des Benutzers gespeichert werden und dort bis zum Ende der Browsersitzung verbleiben. Die gespeicherten Informationen werden dann dauerhaft aus dem Speicher des Ger\u00e4ts gel\u00f6scht. Der Mechanismus der Session-Cookies erlaubt keine Sammlung von pers\u00f6nlichen Daten oder vertraulichen Informationen vom Ger\u00e4t des Benutzers. Zapisane informacje s\u0105 w\u00f3wczas trwale usuwane z pami\u0119ci Urz\u0105dzenia. Mechanizm Cookies sesyjnych nie pozwala na pobieranie jakichkolwiek danych osobowych ani \u017cadnych informacji poufnych z Urz\u0105dzenia U\u017cytkownika.  <br \/>7. Permanente Cookies: Sie werden auf dem Ger\u00e4t des Benutzers gespeichert und verbleiben dort, bis sie gel\u00f6scht werden. Durch das Beenden einer Browsersitzung oder das Ausschalten des Ger\u00e4ts werden sie nicht vom Ger\u00e4t gel\u00f6scht. Der dauerhafte Cookie-Mechanismus erlaubt keine Sammlung von pers\u00f6nlichen Daten oder vertraulichen Informationen vom Ger\u00e4t des Benutzers. Zako\u0144czenie sesji danej przegl\u0105darki lub wy\u0142\u0105czenie Urz\u0105dzenia nie powoduje ich usuni\u0119cia z Urz\u0105dzenia. Mechanizm Cookies trwa\u0142ych nie pozwala na pobieranie jakichkolwiek danych osobowych ani \u017cadnych informacji poufnych z Urz\u0105dzenia U\u017cytkownika.  <\/p>\n<p>\u2022 M\u00d6GLICHKEITEN, DIE BEDINGUNGEN DER SPEICHERUNG ODER DES ZUGRIFFS AUF COOKIES ZU BESTIMMEN<\/p>\n<p>1. Der Benutzer hat die M\u00f6glichkeit, den Zugriff von Cookies auf sein Ger\u00e4t einzuschr\u00e4nken oder zu deaktivieren. Wenn diese Option verwendet wird, ist die Nutzung der Website des Administrators m\u00f6glich, mit Ausnahme von Funktionen, die von Natur aus Cookies erfordern. W przypadku skorzystania z tej opcji korzystanie ze strony internetowej Administratora b\u0119dzie mo\u017cliwe, poza funkcjami, kt\u00f3re ze swojej natury wymagaj\u0105 plik\u00f3w Cookies. <br \/>2. Der Benutzer kann die Einstellungen f\u00fcr Cookies unabh\u00e4ngig und jederzeit \u00e4ndern und die Bedingungen f\u00fcr ihre Speicherung und den Zugriff auf das Ger\u00e4t des Benutzers durch Cookies festlegen. \u00c4nderungen an den oben genannten Einstellungen k\u00f6nnen vom Benutzer \u00fcber die Einstellungen des Webbrowsers oder \u00fcber die Dienstkonfiguration vorgenommen werden. Diese Einstellungen k\u00f6nnen insbesondere so ge\u00e4ndert werden, dass die automatische Behandlung von Cookies in den Einstellungen des Webbrowsers blockiert oder \u00fcber ihre Ver\u00f6ffentlichung auf dem Ger\u00e4t informiert wird. Detaillierte Informationen zu den M\u00f6glichkeiten und Methoden zum Umgang mit Cookies finden Sie in den Einstellungen der Software (Webbrowser). Zmiany ustawie\u0144, o kt\u00f3rych mowa powy\u017cej, U\u017cytkownik mo\u017ce dokona\u0107 za pomoc\u0105 ustawie\u0144 przegl\u0105darki internetowej lub za pomoc\u0105 konfiguracji us\u0142ugi. Ustawienia te mog\u0105 zosta\u0107 zmienione w szczeg\u00f3lno\u015bci w taki spos\u00f3b, aby blokowa\u0107 automatyczn\u0105 obs\u0142ug\u0119 plik\u00f3w Cookies w ustawieniach przegl\u0105darki internetowej b\u0105d\u017a informowa\u0107 o ich ka\u017cdorazowym zamieszczeniu na Urz\u0105dzeniu. Szczeg\u00f3\u0142owe informacje o mo\u017cliwo\u015bci i sposobach obs\u0142ugi plik\u00f3w Cookies dost\u0119pne s\u0105 w ustawieniach oprogramowania (przegl\u0105darki internetowej).   <br \/>3. Der Benutzer kann Cookies jederzeit mit den Funktionen des von ihm verwendeten Webbrowsers l\u00f6schen.<br \/>4. Die Einschr\u00e4nkung der Verwendung von Cookies kann einige der auf der Website des Administrators verf\u00fcgbaren Funktionen beeintr\u00e4chtigen.<\/p>\n<p>&nbsp;<\/p>\n","protected":false},"excerpt":{"rendered":"<p>COOKIES-RICHTLINIE 1. DEFINITIONEN Adminitator &#8211; Halina Paw\u0142owska , der ein Unternehmen unter dem Namen \u201eZak\u0142ad Budowlany UNIMED. Halina Paw\u0142owska\u201d mit Sitz in: ul. Grotnicka 44B, 64-140 W\u0142oszakowice betreibt, eingetragen im Zentralregister und Informationen zur Wirtschaftst\u00e4tigkeit, NIP: 6971338940, REGON: 411424302, E-Mail-Adresse: biuro@systemyogrodzeniowe24.eu Halina Paw\u0142owska\u201d z siedziba pod adresem: ul. Grotnicka 44B,&hellip; <\/p>\n","protected":false},"author":1,"featured_media":22055,"parent":0,"menu_order":0,"comment_status":"closed","ping_status":"closed","template":"","meta":{"footnotes":""},"class_list":["post-22054","page","type-page","status-publish","has-post-thumbnail","hentry"],"_links":{"self":[{"href":"https:\/\/systemyogrodzeniowe24.eu\/de\/wp-json\/wp\/v2\/pages\/22054","targetHints":{"allow":["GET"]}}],"collection":[{"href":"https:\/\/systemyogrodzeniowe24.eu\/de\/wp-json\/wp\/v2\/pages"}],"about":[{"href":"https:\/\/systemyogrodzeniowe24.eu\/de\/wp-json\/wp\/v2\/types\/page"}],"author":[{"embeddable":true,"href":"https:\/\/systemyogrodzeniowe24.eu\/de\/wp-json\/wp\/v2\/users\/1"}],"replies":[{"embeddable":true,"href":"https:\/\/systemyogrodzeniowe24.eu\/de\/wp-json\/wp\/v2\/comments?post=22054"}],"version-history":[{"count":2,"href":"https:\/\/systemyogrodzeniowe24.eu\/de\/wp-json\/wp\/v2\/pages\/22054\/revisions"}],"predecessor-version":[{"id":22058,"href":"https:\/\/systemyogrodzeniowe24.eu\/de\/wp-json\/wp\/v2\/pages\/22054\/revisions\/22058"}],"wp:featuredmedia":[{"embeddable":true,"href":"https:\/\/systemyogrodzeniowe24.eu\/de\/wp-json\/wp\/v2\/media\/22055"}],"wp:attachment":[{"href":"https:\/\/systemyogrodzeniowe24.eu\/de\/wp-json\/wp\/v2\/media?parent=22054"}],"curies":[{"name":"wp","href":"https:\/\/api.w.org\/{rel}","templated":true}]}}