{"id":22046,"date":"2022-02-13T13:33:56","date_gmt":"2022-02-13T12:33:56","guid":{"rendered":"http:\/\/systemyogrodzeniowe24.eu\/installation\/"},"modified":"2022-03-02T09:38:17","modified_gmt":"2022-03-02T08:38:17","slug":"installation","status":"publish","type":"page","link":"https:\/\/systemyogrodzeniowe24.eu\/de\/installation\/","title":{"rendered":"Installation"},"content":{"rendered":"\t\t<div data-elementor-type=\"wp-page\" data-elementor-id=\"22046\" class=\"elementor elementor-22046 elementor-21412\" data-elementor-settings=\"[]\">\n\t\t\t\t\t\t\t<div class=\"elementor-section-wrap\">\n\t\t\t\t\t\t\t<section class=\"elementor-section elementor-top-section elementor-element elementor-element-ac2a948 elementor-section-boxed elementor-section-height-default elementor-section-height-default\" data-id=\"ac2a948\" data-element_type=\"section\">\n\t\t\t\t\t\t<div class=\"elementor-container elementor-column-gap-default\">\n\t\t\t\t\t<div class=\"elementor-column elementor-col-100 elementor-top-column elementor-element elementor-element-c30a809\" data-id=\"c30a809\" data-element_type=\"column\">\n\t\t\t<div class=\"elementor-widget-wrap elementor-element-populated\">\n\t\t\t\t\t\t\t\t<div class=\"elementor-element elementor-element-4b7c5eb elementor-widget elementor-widget-heading\" data-id=\"4b7c5eb\" data-element_type=\"widget\" data-widget_type=\"heading.default\">\n\t\t\t\t<div class=\"elementor-widget-container\">\n\t\t\t<style>\/*! elementor - v3.5.5 - 03-02-2022 *\/\n.elementor-heading-title{padding:0;margin:0;line-height:1}.elementor-widget-heading .elementor-heading-title[class*=elementor-size-]>a{color:inherit;font-size:inherit;line-height:inherit}.elementor-widget-heading .elementor-heading-title.elementor-size-small{font-size:15px}.elementor-widget-heading .elementor-heading-title.elementor-size-medium{font-size:19px}.elementor-widget-heading .elementor-heading-title.elementor-size-large{font-size:29px}.elementor-widget-heading .elementor-heading-title.elementor-size-xl{font-size:39px}.elementor-widget-heading .elementor-heading-title.elementor-size-xxl{font-size:59px}<\/style><h2 class=\"elementor-heading-title elementor-size-default\">Die Installation des Zauns auf einem nivellierten Gel\u00e4nde umfasst:<\/h2>\t\t<\/div>\n\t\t\t\t<\/div>\n\t\t\t\t\t<\/div>\n\t\t<\/div>\n\t\t\t\t\t\t\t<\/div>\n\t\t<\/section>\n\t\t\t\t<section class=\"elementor-section elementor-top-section elementor-element elementor-element-e7a9956 elementor-section-boxed elementor-section-height-default elementor-section-height-default\" data-id=\"e7a9956\" data-element_type=\"section\">\n\t\t\t\t\t\t<div class=\"elementor-container elementor-column-gap-default\">\n\t\t\t\t\t<div class=\"elementor-column elementor-col-100 elementor-top-column elementor-element elementor-element-3542797\" data-id=\"3542797\" data-element_type=\"column\">\n\t\t\t<div class=\"elementor-widget-wrap elementor-element-populated\">\n\t\t\t\t\t\t\t\t<div class=\"elementor-element elementor-element-ebe8613 elementor-widget elementor-widget-text-editor\" data-id=\"ebe8613\" data-element_type=\"widget\" data-widget_type=\"text-editor.default\">\n\t\t\t\t<div class=\"elementor-widget-container\">\n\t\t\t<style>\/*! elementor - v3.5.5 - 03-02-2022 *\/\n.elementor-widget-text-editor.elementor-drop-cap-view-stacked .elementor-drop-cap{background-color:#818a91;color:#fff}.elementor-widget-text-editor.elementor-drop-cap-view-framed .elementor-drop-cap{color:#818a91;border:3px solid;background-color:transparent}.elementor-widget-text-editor:not(.elementor-drop-cap-view-default) .elementor-drop-cap{margin-top:8px}.elementor-widget-text-editor:not(.elementor-drop-cap-view-default) .elementor-drop-cap-letter{width:1em;height:1em}.elementor-widget-text-editor .elementor-drop-cap{float:left;text-align:center;line-height:1;font-size:50px}.elementor-widget-text-editor .elementor-drop-cap-letter{display:inline-block}<\/style>\t\t\t\t<ul><li>Ausf\u00fchrung von Bohrungen (Ausgrabungen) f\u00fcr Betonpunktfundamente (Fundamente) f\u00fcr Pfosten, Tore, Pforten,<\/li><li>Betonieren der Zaunpfosten oder Einbau in ein Betonsockel,<\/li><li>Montage eines kompletten modernen Frontzauns,<\/li><li>Montage eines kompletten modularen Frontzauns,<\/li><li>Installation von Plast-Met LED-Zaunlampen,<\/li><li>Installation von CENTERBOX mit Anschluss von ELFON-Sprechanlagen und Video- Sprechanlagen,<\/li><li>Montage von Maschendrahtzaun, geschwei\u00dften Matten oder Paneelen,<\/li><li>Einbau von Pforten, zweifl\u00fcgeligen Toren oder Schiebetoren,<\/li><li>Installation der Automatik.<\/li><\/ul>\t\t\t\t\t\t<\/div>\n\t\t\t\t<\/div>\n\t\t\t\t\t<\/div>\n\t\t<\/div>\n\t\t\t\t\t\t\t<\/div>\n\t\t<\/section>\n\t\t\t\t<section class=\"elementor-section elementor-top-section elementor-element elementor-element-7a3f13b elementor-section-boxed elementor-section-height-default elementor-section-height-default\" data-id=\"7a3f13b\" data-element_type=\"section\">\n\t\t\t\t\t\t<div class=\"elementor-container elementor-column-gap-default\">\n\t\t\t\t\t<div class=\"elementor-column elementor-col-100 elementor-top-column elementor-element elementor-element-dca2798\" data-id=\"dca2798\" data-element_type=\"column\">\n\t\t\t<div class=\"elementor-widget-wrap elementor-element-populated\">\n\t\t\t\t\t\t\t\t<div class=\"elementor-element elementor-element-cb119d5 elementor-widget elementor-widget-image\" data-id=\"cb119d5\" data-element_type=\"widget\" data-widget_type=\"image.default\">\n\t\t\t\t<div class=\"elementor-widget-container\">\n\t\t\t<style>\/*! elementor - v3.5.5 - 03-02-2022 *\/\n.elementor-widget-image{text-align:center}.elementor-widget-image a{display:inline-block}.elementor-widget-image a img[src$=\".svg\"]{width:48px}.elementor-widget-image img{vertical-align:middle;display:inline-block}<\/style>\t\t\t\t\t\t\t\t\t\t\t\t<img loading=\"lazy\" decoding=\"async\" width=\"1024\" height=\"513\" src=\"https:\/\/systemyogrodzeniowe24.eu\/wp-content\/uploads\/2022\/02\/montaz-ogrodzen-1024x513.jpg\" class=\"attachment-large size-large\" alt=\"\" srcset=\"https:\/\/systemyogrodzeniowe24.eu\/wp-content\/uploads\/2022\/02\/montaz-ogrodzen-1024x513.jpg 1024w, https:\/\/systemyogrodzeniowe24.eu\/wp-content\/uploads\/2022\/02\/montaz-ogrodzen-300x150.jpg 300w, https:\/\/systemyogrodzeniowe24.eu\/wp-content\/uploads\/2022\/02\/montaz-ogrodzen-768x385.jpg 768w, https:\/\/systemyogrodzeniowe24.eu\/wp-content\/uploads\/2022\/02\/montaz-ogrodzen-400x200.jpg 400w, https:\/\/systemyogrodzeniowe24.eu\/wp-content\/uploads\/2022\/02\/montaz-ogrodzen-600x300.jpg 600w, https:\/\/systemyogrodzeniowe24.eu\/wp-content\/uploads\/2022\/02\/montaz-ogrodzen.jpg 1500w\" sizes=\"auto, (max-width: 1024px) 100vw, 1024px\" \/>\t\t\t\t\t\t\t\t\t\t\t\t\t\t\t<\/div>\n\t\t\t\t<\/div>\n\t\t\t\t\t<\/div>\n\t\t<\/div>\n\t\t\t\t\t\t\t<\/div>\n\t\t<\/section>\n\t\t\t\t\t\t<\/div>\n\t\t\t\t\t<\/div>\n\t\t","protected":false},"excerpt":{"rendered":"<p>Die Installation des Zauns auf einem nivellierten Gel\u00e4nde umfasst: Ausf\u00fchrung von Bohrungen (Ausgrabungen) f\u00fcr Betonpunktfundamente (Fundamente) f\u00fcr Pfosten, Tore, Pforten, Betonieren der Zaunpfosten oder Einbau in ein Betonsockel, Montage eines kompletten modernen Frontzauns, Montage eines kompletten modularen Frontzauns, Installation von Plast-Met LED-Zaunlampen, Installation von CENTERBOX mit Anschluss von ELFON-Sprechanlagen und&hellip; <\/p>\n","protected":false},"author":1,"featured_media":22047,"parent":0,"menu_order":0,"comment_status":"closed","ping_status":"closed","template":"","meta":{"footnotes":""},"class_list":["post-22046","page","type-page","status-publish","has-post-thumbnail","hentry"],"_links":{"self":[{"href":"https:\/\/systemyogrodzeniowe24.eu\/de\/wp-json\/wp\/v2\/pages\/22046","targetHints":{"allow":["GET"]}}],"collection":[{"href":"https:\/\/systemyogrodzeniowe24.eu\/de\/wp-json\/wp\/v2\/pages"}],"about":[{"href":"https:\/\/systemyogrodzeniowe24.eu\/de\/wp-json\/wp\/v2\/types\/page"}],"author":[{"embeddable":true,"href":"https:\/\/systemyogrodzeniowe24.eu\/de\/wp-json\/wp\/v2\/users\/1"}],"replies":[{"embeddable":true,"href":"https:\/\/systemyogrodzeniowe24.eu\/de\/wp-json\/wp\/v2\/comments?post=22046"}],"version-history":[{"count":3,"href":"https:\/\/systemyogrodzeniowe24.eu\/de\/wp-json\/wp\/v2\/pages\/22046\/revisions"}],"predecessor-version":[{"id":22050,"href":"https:\/\/systemyogrodzeniowe24.eu\/de\/wp-json\/wp\/v2\/pages\/22046\/revisions\/22050"}],"wp:featuredmedia":[{"embeddable":true,"href":"https:\/\/systemyogrodzeniowe24.eu\/de\/wp-json\/wp\/v2\/media\/22047"}],"wp:attachment":[{"href":"https:\/\/systemyogrodzeniowe24.eu\/de\/wp-json\/wp\/v2\/media?parent=22046"}],"curies":[{"name":"wp","href":"https:\/\/api.w.org\/{rel}","templated":true}]}}